{"id":447,"date":"2022-01-04T18:07:03","date_gmt":"2022-01-04T18:07:03","guid":{"rendered":"https:\/\/santamonica.archimadrid.es\/?page_id=447"},"modified":"2024-03-04T15:52:53","modified_gmt":"2024-03-04T15:52:53","slug":"donativos","status":"publish","type":"page","link":"https:\/\/santamonica.archimadrid.es\/index.php\/donativos\/","title":{"rendered":"Donativos"},"content":{"rendered":"<p>[et_pb_section fb_built=\u00bb1&#8243; admin_label=\u00bbsection\u00bb _builder_version=\u00bb4.17.6&#8243; global_colors_info=\u00bb{}\u00bb][et_pb_row admin_label=\u00bbrow\u00bb _builder_version=\u00bb4.17.6&#8243; background_size=\u00bbinitial\u00bb background_position=\u00bbtop_left\u00bb background_repeat=\u00bbrepeat\u00bb custom_padding=\u00bb||27px|||\u00bb global_colors_info=\u00bb{}\u00bb][et_pb_column type=\u00bb4_4&#8243; _builder_version=\u00bb4.16&#8243; custom_padding=\u00bb|||\u00bb global_colors_info=\u00bb{}\u00bb custom_padding__hover=\u00bb|||\u00bb][et_pb_text admin_label=\u00bbText\u00bb _builder_version=\u00bb4.17.6&#8243; background_size=\u00bbinitial\u00bb background_position=\u00bbtop_left\u00bb background_repeat=\u00bbrepeat\u00bb min_height=\u00bb60.4px\u00bb custom_padding=\u00bb||0px|||\u00bb global_colors_info=\u00bb{}\u00bb]<\/p>\n<div id=\"cc-m-13193280931\" class=\"j-module n j-htmlCode \">\n<h1 style=\"text-align: center;\">Formas de colaboraci\u00f3n<\/h1>\n<\/div>\n<p>[\/et_pb_text][et_pb_text _builder_version=\u00bb4.17.6&#8243; _module_preset=\u00bbdefault\u00bb text_font_size=\u00bb18px\u00bb global_colors_info=\u00bb{}\u00bb]<\/p>\n<p><span style=\"color: #000080;\"><strong>SUSCRIPCI\u00d3N PERI\u00d3DICA<\/strong><\/span><\/p>\n<p>Puedes suscribirte con una donaci\u00f3n peri\u00f3dica por cuenta bancaria rellenando un formulario en el despacho parroquial.<\/p>\n<p>[\/et_pb_text][et_pb_text _builder_version=\u00bb4.17.6&#8243; _module_preset=\u00bbdefault\u00bb text_font_size=\u00bb18px\u00bb header_3_text_color=\u00bb#119988&#8243; width=\u00bb100%\u00bb global_colors_info=\u00bb{}\u00bb]<\/p>\n<p><span style=\"color: #000080;\"><strong>TRANSFERENCIA BANCARIA<\/strong><\/span><\/p>\n<p>Puedes hacer una transferencia al n\u00famero de la cuenta de la parroquia:\u00a0<span style=\"color: #000080;\"><strong>ES80 0075 1793 1506 0073 4156<\/strong><span style=\"color: #333333;\">.<\/span><\/span><\/p>\n<p>[\/et_pb_text][et_pb_text _builder_version=\u00bb4.18.0&#8243; _module_preset=\u00bbdefault\u00bb text_font_size=\u00bb18px\u00bb header_3_text_color=\u00bb#119988&#8243; width=\u00bb100%\u00bb hover_enabled=\u00bb0&#8243; global_colors_info=\u00bb{}\u00bb sticky_enabled=\u00bb0&#8243;]<\/p>\n<p><span style=\"color: #000080;\"><strong>BIZUM<\/strong><\/span><\/p>\n<p>En el apartado donar ONG: <strong>Parroquia de Santa M\u00f3nica, c\u00f3digo 09121<\/strong><\/p>\n<p>[\/et_pb_text][et_pb_text _builder_version=\u00bb4.18.0&#8243; _module_preset=\u00bbdefault\u00bb text_font_size=\u00bb18px\u00bb text_line_height=\u00bb1.8em\u00bb global_colors_info=\u00bb{}\u00bb]<\/p>\n<p><span style=\"color: #000080;\"><strong>DONO A MI IGLESIA<\/strong><\/span><\/p>\n<p>Desde la web<strong>\u00a0<span style=\"color: #0c71c3;\"><a href=\"http:\/\/www.donoamiiglesia.es\/\" style=\"color: #0c71c3;\">www.donoamiiglesia.es<\/a><\/span><\/strong>, gestionada por la Conferencia Episcopal Espa\u00f1ola, puedes realizar donativos a la <strong>Parroquia de Santa M\u00f3nica en Madrid (C\u00f3digo Postal 28006, Madrid)<\/strong> siguiendo los pasos que se indican en la misma web.<\/p>\n<p>[\/et_pb_text][\/et_pb_column][\/et_pb_row][et_pb_row _builder_version=\u00bb4.17.6&#8243; _module_preset=\u00bbdefault\u00bb global_colors_info=\u00bb{}\u00bb][et_pb_column type=\u00bb4_4&#8243; _builder_version=\u00bb4.17.6&#8243; _module_preset=\u00bbdefault\u00bb global_colors_info=\u00bb{}\u00bb][\/et_pb_column][\/et_pb_row][\/et_pb_section]<\/p>\n","protected":false},"excerpt":{"rendered":"<p>Formas de colaboraci\u00f3n SUSCRIPCI\u00d3N PERI\u00d3DICA Puedes suscribirte con una donaci\u00f3n peri\u00f3dica por cuenta bancaria rellenando un formulario en el despacho parroquial.TRANSFERENCIA BANCARIA Puedes hacer una transferencia al n\u00famero de la cuenta de la parroquia:\u00a0ES80 0075 1793 1506 0073 4156.BIZUM En el apartado donar ONG: Parroquia de Santa M\u00f3nica, c\u00f3digo 09121DONO A MI IGLESIA Desde la [&hellip;]<\/p>\n","protected":false},"author":1,"featured_media":0,"parent":0,"menu_order":0,"comment_status":"closed","ping_status":"closed","template":"","meta":{"_et_pb_use_builder":"on","_et_pb_old_content":"<div id=\"cc-m-13193280931\" class=\"j-module n j-htmlCode \">\r\n<h1>Formas de colaboraci\u00f3n<\/h1>\r\n<div class=\"line bold-line medium-line bg-primary\"><\/div>\r\n<\/div>\r\n<div id=\"cc-m-13193281131\" class=\"j-module n j-hgrid \">\r\n<div class=\"cc-m-hgrid-column\">\r\n<div id=\"cc-matrix-3831188131\">\r\n<div id=\"cc-m-13193281331\" class=\"j-module n j-text \">\r\n<ul>\r\n \t<li><strong>Suscripci\u00f3n<\/strong><span>\u00a0<\/span><strong>peri\u00f3dica<\/strong><\/li>\r\n \t<li><strong>Donativos mediante transferencia<\/strong>:<\/li>\r\n<\/ul>\r\n<em>Banco :<\/em>\r\n\r\nTITULAR:\r\n\r\n&nbsp;\r\n<ul>\r\n \t<li><strong>Bizum<\/strong>:<\/li>\r\n<\/ul>\r\n&nbsp;\r\n\r\n<\/div>\r\n<\/div>\r\n<\/div>\r\n<\/div>","_et_gb_content_width":"","cybocfi_hide_featured_image":"","footnotes":""},"class_list":["post-447","page","type-page","status-publish","hentry"],"yoast_head":"<!-- This site is optimized with the Yoast SEO plugin v27.6 - https:\/\/yoast.com\/product\/yoast-seo-wordpress\/ -->\n<title>Donativos - Parroquia de Santa M\u00f3nica Agustinos Recoletos<\/title>\n<meta name=\"description\" content=\"Donativos a la parroquia de Santa M\u00f3nica (Madrid). Transferencia bancaria. Suscripci\u00f3n peri\u00f3dica. www.donoamiiglesia.es.\" \/>\n<meta name=\"robots\" content=\"index, follow, max-snippet:-1, max-image-preview:large, max-video-preview:-1\" \/>\n<link rel=\"canonical\" href=\"https:\/\/santamonica.archimadrid.es\/index.php\/donativos\/\" \/>\n<meta property=\"og:locale\" content=\"es_ES\" \/>\n<meta property=\"og:type\" content=\"article\" \/>\n<meta property=\"og:title\" content=\"Donativos - Parroquia de Santa M\u00f3nica Agustinos Recoletos\" \/>\n<meta property=\"og:description\" content=\"Donativos a la parroquia de Santa M\u00f3nica (Madrid). Transferencia bancaria. Suscripci\u00f3n peri\u00f3dica. www.donoamiiglesia.es.\" \/>\n<meta property=\"og:url\" content=\"https:\/\/santamonica.archimadrid.es\/index.php\/donativos\/\" \/>\n<meta property=\"og:site_name\" content=\"Parroquia de Santa M\u00f3nica Agustinos Recoletos\" \/>\n<meta property=\"article:modified_time\" content=\"2024-03-04T15:52:53+00:00\" \/>\n<meta name=\"twitter:card\" content=\"summary_large_image\" \/>\n<meta name=\"twitter:label1\" content=\"Tiempo de lectura\" \/>\n\t<meta name=\"twitter:data1\" content=\"1 minuto\" \/>\n<script type=\"application\/ld+json\" class=\"yoast-schema-graph\">{\"@context\":\"https:\\\/\\\/schema.org\",\"@graph\":[{\"@type\":\"WebPage\",\"@id\":\"https:\\\/\\\/santamonica.archimadrid.es\\\/index.php\\\/donativos\\\/\",\"url\":\"https:\\\/\\\/santamonica.archimadrid.es\\\/index.php\\\/donativos\\\/\",\"name\":\"Donativos - Parroquia de Santa M\u00f3nica Agustinos Recoletos\",\"isPartOf\":{\"@id\":\"https:\\\/\\\/santamonica.archimadrid.es\\\/#website\"},\"datePublished\":\"2022-01-04T18:07:03+00:00\",\"dateModified\":\"2024-03-04T15:52:53+00:00\",\"description\":\"Donativos a la parroquia de Santa M\u00f3nica (Madrid). Transferencia bancaria. Suscripci\u00f3n peri\u00f3dica. www.donoamiiglesia.es.\",\"breadcrumb\":{\"@id\":\"https:\\\/\\\/santamonica.archimadrid.es\\\/index.php\\\/donativos\\\/#breadcrumb\"},\"inLanguage\":\"es\",\"potentialAction\":[{\"@type\":\"ReadAction\",\"target\":[\"https:\\\/\\\/santamonica.archimadrid.es\\\/index.php\\\/donativos\\\/\"]}]},{\"@type\":\"BreadcrumbList\",\"@id\":\"https:\\\/\\\/santamonica.archimadrid.es\\\/index.php\\\/donativos\\\/#breadcrumb\",\"itemListElement\":[{\"@type\":\"ListItem\",\"position\":1,\"name\":\"Portada\",\"item\":\"https:\\\/\\\/santamonica.archimadrid.es\\\/\"},{\"@type\":\"ListItem\",\"position\":2,\"name\":\"Donativos\"}]},{\"@type\":\"WebSite\",\"@id\":\"https:\\\/\\\/santamonica.archimadrid.es\\\/#website\",\"url\":\"https:\\\/\\\/santamonica.archimadrid.es\\\/\",\"name\":\"Parroquia de Santa M\u00f3nica Agustinos Recoletos\",\"description\":\"P\u00e1gina oficial de la Parroquia Santa M\u00f3nica. Actividades parroquiales, noticias de la parroquia y de la iglesia. Servicios Parroquiales. Sacramentos. Devoci\u00f3n a Santa M\u00f3nica, madre de San Agust\u00edn. Promoci\u00f3n Madres Cristianas Santa M\u00f3nica. Oraci\u00f3n por la fe de los hijos y de las familias Devoci\u00f3n a San Ezequiel Moreno. Oraci\u00f3n por los enfermos.\",\"publisher\":{\"@id\":\"https:\\\/\\\/santamonica.archimadrid.es\\\/#organization\"},\"potentialAction\":[{\"@type\":\"SearchAction\",\"target\":{\"@type\":\"EntryPoint\",\"urlTemplate\":\"https:\\\/\\\/santamonica.archimadrid.es\\\/?s={search_term_string}\"},\"query-input\":{\"@type\":\"PropertyValueSpecification\",\"valueRequired\":true,\"valueName\":\"search_term_string\"}}],\"inLanguage\":\"es\"},{\"@type\":\"Organization\",\"@id\":\"https:\\\/\\\/santamonica.archimadrid.es\\\/#organization\",\"name\":\"Parroquia de Santa M\u00f3nica Agustinos Recoletos\",\"url\":\"https:\\\/\\\/santamonica.archimadrid.es\\\/\",\"logo\":{\"@type\":\"ImageObject\",\"inLanguage\":\"es\",\"@id\":\"https:\\\/\\\/santamonica.archimadrid.es\\\/#\\\/schema\\\/logo\\\/image\\\/\",\"url\":\"https:\\\/\\\/santamonica.archimadrid.es\\\/wp-content\\\/uploads\\\/2022\\\/09\\\/icono_parroquia_tamonica-1.jpg\",\"contentUrl\":\"https:\\\/\\\/santamonica.archimadrid.es\\\/wp-content\\\/uploads\\\/2022\\\/09\\\/icono_parroquia_tamonica-1.jpg\",\"width\":1440,\"height\":1776,\"caption\":\"Parroquia de Santa M\u00f3nica Agustinos Recoletos\"},\"image\":{\"@id\":\"https:\\\/\\\/santamonica.archimadrid.es\\\/#\\\/schema\\\/logo\\\/image\\\/\"}}]}<\/script>\n<!-- \/ Yoast SEO plugin. -->","yoast_head_json":{"title":"Donativos - Parroquia de Santa M\u00f3nica Agustinos Recoletos","description":"Donativos a la parroquia de Santa M\u00f3nica (Madrid). Transferencia bancaria. Suscripci\u00f3n peri\u00f3dica. www.donoamiiglesia.es.","robots":{"index":"index","follow":"follow","max-snippet":"max-snippet:-1","max-image-preview":"max-image-preview:large","max-video-preview":"max-video-preview:-1"},"canonical":"https:\/\/santamonica.archimadrid.es\/index.php\/donativos\/","og_locale":"es_ES","og_type":"article","og_title":"Donativos - Parroquia de Santa M\u00f3nica Agustinos Recoletos","og_description":"Donativos a la parroquia de Santa M\u00f3nica (Madrid). Transferencia bancaria. Suscripci\u00f3n peri\u00f3dica. www.donoamiiglesia.es.","og_url":"https:\/\/santamonica.archimadrid.es\/index.php\/donativos\/","og_site_name":"Parroquia de Santa M\u00f3nica Agustinos Recoletos","article_modified_time":"2024-03-04T15:52:53+00:00","twitter_card":"summary_large_image","twitter_misc":{"Tiempo de lectura":"1 minuto"},"schema":{"@context":"https:\/\/schema.org","@graph":[{"@type":"WebPage","@id":"https:\/\/santamonica.archimadrid.es\/index.php\/donativos\/","url":"https:\/\/santamonica.archimadrid.es\/index.php\/donativos\/","name":"Donativos - Parroquia de Santa M\u00f3nica Agustinos Recoletos","isPartOf":{"@id":"https:\/\/santamonica.archimadrid.es\/#website"},"datePublished":"2022-01-04T18:07:03+00:00","dateModified":"2024-03-04T15:52:53+00:00","description":"Donativos a la parroquia de Santa M\u00f3nica (Madrid). Transferencia bancaria. Suscripci\u00f3n peri\u00f3dica. www.donoamiiglesia.es.","breadcrumb":{"@id":"https:\/\/santamonica.archimadrid.es\/index.php\/donativos\/#breadcrumb"},"inLanguage":"es","potentialAction":[{"@type":"ReadAction","target":["https:\/\/santamonica.archimadrid.es\/index.php\/donativos\/"]}]},{"@type":"BreadcrumbList","@id":"https:\/\/santamonica.archimadrid.es\/index.php\/donativos\/#breadcrumb","itemListElement":[{"@type":"ListItem","position":1,"name":"Portada","item":"https:\/\/santamonica.archimadrid.es\/"},{"@type":"ListItem","position":2,"name":"Donativos"}]},{"@type":"WebSite","@id":"https:\/\/santamonica.archimadrid.es\/#website","url":"https:\/\/santamonica.archimadrid.es\/","name":"Parroquia de Santa M\u00f3nica Agustinos Recoletos","description":"P\u00e1gina oficial de la Parroquia Santa M\u00f3nica. Actividades parroquiales, noticias de la parroquia y de la iglesia. Servicios Parroquiales. Sacramentos. Devoci\u00f3n a Santa M\u00f3nica, madre de San Agust\u00edn. Promoci\u00f3n Madres Cristianas Santa M\u00f3nica. Oraci\u00f3n por la fe de los hijos y de las familias Devoci\u00f3n a San Ezequiel Moreno. Oraci\u00f3n por los enfermos.","publisher":{"@id":"https:\/\/santamonica.archimadrid.es\/#organization"},"potentialAction":[{"@type":"SearchAction","target":{"@type":"EntryPoint","urlTemplate":"https:\/\/santamonica.archimadrid.es\/?s={search_term_string}"},"query-input":{"@type":"PropertyValueSpecification","valueRequired":true,"valueName":"search_term_string"}}],"inLanguage":"es"},{"@type":"Organization","@id":"https:\/\/santamonica.archimadrid.es\/#organization","name":"Parroquia de Santa M\u00f3nica Agustinos Recoletos","url":"https:\/\/santamonica.archimadrid.es\/","logo":{"@type":"ImageObject","inLanguage":"es","@id":"https:\/\/santamonica.archimadrid.es\/#\/schema\/logo\/image\/","url":"https:\/\/santamonica.archimadrid.es\/wp-content\/uploads\/2022\/09\/icono_parroquia_tamonica-1.jpg","contentUrl":"https:\/\/santamonica.archimadrid.es\/wp-content\/uploads\/2022\/09\/icono_parroquia_tamonica-1.jpg","width":1440,"height":1776,"caption":"Parroquia de Santa M\u00f3nica Agustinos Recoletos"},"image":{"@id":"https:\/\/santamonica.archimadrid.es\/#\/schema\/logo\/image\/"}}]}},"jetpack_sharing_enabled":true,"_links":{"self":[{"href":"https:\/\/santamonica.archimadrid.es\/index.php\/wp-json\/wp\/v2\/pages\/447","targetHints":{"allow":["GET"]}}],"collection":[{"href":"https:\/\/santamonica.archimadrid.es\/index.php\/wp-json\/wp\/v2\/pages"}],"about":[{"href":"https:\/\/santamonica.archimadrid.es\/index.php\/wp-json\/wp\/v2\/types\/page"}],"author":[{"embeddable":true,"href":"https:\/\/santamonica.archimadrid.es\/index.php\/wp-json\/wp\/v2\/users\/1"}],"replies":[{"embeddable":true,"href":"https:\/\/santamonica.archimadrid.es\/index.php\/wp-json\/wp\/v2\/comments?post=447"}],"version-history":[{"count":12,"href":"https:\/\/santamonica.archimadrid.es\/index.php\/wp-json\/wp\/v2\/pages\/447\/revisions"}],"predecessor-version":[{"id":2867,"href":"https:\/\/santamonica.archimadrid.es\/index.php\/wp-json\/wp\/v2\/pages\/447\/revisions\/2867"}],"wp:attachment":[{"href":"https:\/\/santamonica.archimadrid.es\/index.php\/wp-json\/wp\/v2\/media?parent=447"}],"curies":[{"name":"wp","href":"https:\/\/api.w.org\/{rel}","templated":true}]}}