{"id":324,"date":"2022-01-02T11:21:48","date_gmt":"2022-01-02T11:21:48","guid":{"rendered":"https:\/\/santamonica.archimadrid.es\/?page_id=324"},"modified":"2022-08-15T15:56:14","modified_gmt":"2022-08-15T15:56:14","slug":"nosotros","status":"publish","type":"page","link":"https:\/\/santamonica.archimadrid.es\/index.php\/nosotros\/","title":{"rendered":"Agustinos Recoletos"},"content":{"rendered":"<p>[et_pb_section fb_built=\u00bb1&#8243; admin_label=\u00bbsection\u00bb _builder_version=\u00bb4.16&#8243; global_colors_info=\u00bb{}\u00bb][et_pb_row _builder_version=\u00bb4.17.6&#8243; _module_preset=\u00bbdefault\u00bb width=\u00bb100%\u00bb global_colors_info=\u00bb{}\u00bb][et_pb_column type=\u00bb4_4&#8243; _builder_version=\u00bb4.17.6&#8243; _module_preset=\u00bbdefault\u00bb global_colors_info=\u00bb{}\u00bb][et_pb_post_title meta=\u00bboff\u00bb featured_image=\u00bboff\u00bb _builder_version=\u00bb4.17.6&#8243; _module_preset=\u00bbdefault\u00bb title_font=\u00bbMerienda||||||||\u00bb title_text_align=\u00bbcenter\u00bb title_text_color=\u00bb#000b72&#8243; title_font_size=\u00bb45px\u00bb title_letter_spacing=\u00bb6px\u00bb width=\u00bb100%\u00bb max_width=\u00bb100%\u00bb module_alignment=\u00bbcenter\u00bb min_height=\u00bb100px\u00bb height=\u00bb100px\u00bb max_height=\u00bb100px\u00bb custom_margin=\u00bb0px||0px||false|false\u00bb custom_padding=\u00bb||0px|||\u00bb title_font_tablet=\u00bbMerienda||||||||\u00bb title_font_phone=\u00bbMerienda||||||||\u00bb title_font_last_edited=\u00bbon|desktop\u00bb module_alignment_tablet=\u00bbcenter\u00bb module_alignment_phone=\u00bbcenter\u00bb module_alignment_last_edited=\u00bbon|phone\u00bb box_shadow_style=\u00bbpreset3&#8243; global_colors_info=\u00bb{}\u00bb][\/et_pb_post_title][\/et_pb_column][\/et_pb_row][et_pb_row admin_label=\u00bbrow\u00bb _builder_version=\u00bb4.16&#8243; background_size=\u00bbinitial\u00bb background_position=\u00bbtop_left\u00bb background_repeat=\u00bbrepeat\u00bb global_colors_info=\u00bb{}\u00bb][et_pb_column type=\u00bb4_4&#8243; _builder_version=\u00bb4.16&#8243; custom_padding=\u00bb|||\u00bb global_colors_info=\u00bb{}\u00bb custom_padding__hover=\u00bb|||\u00bb][et_pb_text admin_label=\u00bbText\u00bb _builder_version=\u00bb4.17.6&#8243; text_font=\u00bbMontserrat||||||||\u00bb text_font_size=\u00bb15px\u00bb background_size=\u00bbinitial\u00bb background_position=\u00bbtop_left\u00bb background_repeat=\u00bbrepeat\u00bb text_orientation=\u00bbjustified\u00bb hover_enabled=\u00bb0&#8243; inline_fonts=\u00bbMontserrat\u00bb global_colors_info=\u00bb{}\u00bb text_text_color=\u00bb#000000&#8243; sticky_enabled=\u00bb0&#8243;]<\/p>\n<h2><img loading=\"lazy\" decoding=\"async\" src=\"https:\/\/santamonica.archimadrid.es\/wp-content\/uploads\/2022\/01\/1200px-EMBLEMA_17_LATIN_COLOR.03.svg_-300x300.png\" alt=\"\" width=\"300\" height=\"300\" class=\"size-medium wp-image-436 aligncenter\" srcset=\"https:\/\/santamonica.archimadrid.es\/wp-content\/uploads\/2022\/01\/1200px-EMBLEMA_17_LATIN_COLOR.03.svg_-300x300.png 300w, https:\/\/santamonica.archimadrid.es\/wp-content\/uploads\/2022\/01\/1200px-EMBLEMA_17_LATIN_COLOR.03.svg_-1024x1024.png 1024w, https:\/\/santamonica.archimadrid.es\/wp-content\/uploads\/2022\/01\/1200px-EMBLEMA_17_LATIN_COLOR.03.svg_-150x150.png 150w, https:\/\/santamonica.archimadrid.es\/wp-content\/uploads\/2022\/01\/1200px-EMBLEMA_17_LATIN_COLOR.03.svg_-768x768.png 768w, https:\/\/santamonica.archimadrid.es\/wp-content\/uploads\/2022\/01\/1200px-EMBLEMA_17_LATIN_COLOR.03.svg_.png 1200w\" sizes=\"(max-width: 300px) 100vw, 300px\" \/><span style=\"font-family: Montserrat; color: #45007a;\">Origen<\/span><\/h2>\n<p><span style=\"font-family: Montserrat;\">En el siglo XVI, algunos religiosos Agustinos de la Provincia de Castilla, impulsados por un especial carisma colectivo, deseaban vivir con renovado fervor y nuevas normas la forma de vida consagrada que san Agust\u00edn fund\u00f3 en la Iglesia, ilustr\u00f3 con su doctrina y ejemplo y orden\u00f3 en su santa Regla. Algo similar ocurri\u00f3, a comienzos del siglo XVII, en la Provincia Agustiniana de Colombia.<\/span><\/p>\n<p><span style=\"font-family: Montserrat;\">Los Agustinos Recoletos son herederos de la forma de vida suscitada por San Agust\u00edn (354-430) y asumida en el siglo XIII con esp\u00edritu mendicante por la Orden de San Agust\u00edn (Gran Uni\u00f3n de 1256). Despu\u00e9s de m\u00e1s de tres siglos de historia, en 1912, fueron reconocidos por la Iglesia como orden religiosa aut\u00f3noma.<\/span><\/p>\n<p><span style=\"font-family: Montserrat;\">Su proyecto de vida es el propio de una orden religiosa, suscitada bajo el impulso del Esp\u00edritu Santo y aprobada por la Iglesia: viviendo en comuni\u00f3n de hermanos, desean seguir a Cristo, casto, pobre y obediente; buscan la verdad y est\u00e1n al servicio de la Iglesia; se esfuerzan por conseguir la perfecci\u00f3n de la caridad seg\u00fan el carisma de san Agust\u00edn y el esp\u00edritu de la recolecci\u00f3n.<\/span><\/p>\n<h2><span style=\"font-family: Montserrat;\">Carisma<\/span><\/h2>\n<p><span style=\"font-family: Montserrat;\">La Forma de vivir, redactada por Fray Luis de Le\u00f3n, fue aprobada por el definitorio provincial en septiembre de 1589 y, ocho a\u00f1os m\u00e1s tarde, obtuvo la confirmaci\u00f3n pontificia. Sus catorce cap\u00edtulos traducen y concretan el deseo de mayor perfecci\u00f3n en una intensificaci\u00f3n de la vida contemplativa y comunitaria, y en una acentuaci\u00f3n de los rasgos asc\u00e9ticos de la vida religiosa. Comenzaron a practicarse en el convento de Talavera en octubre de 1589.<\/span><\/p>\n<p><span style=\"font-family: Montserrat;\">El carisma es una experiencia del Esp\u00edritu Santo que implica un modo espec\u00edfico de ser, una espec\u00edfica misi\u00f3n y espiritualidad, estilo de vida fraterna y estructura al servicio de la misi\u00f3n eclesial. El carisma Agustiniano se resume en el amor a Dios sin condici\u00f3n, que une las almas y los corazones en convivencia comunitaria de hermanos, y que se difunde hacia todos los hombres para unirlos en Cristo dentro de su Iglesia. La vivencia del propio carisma les transmite la vitalidad que procede del Esp\u00edritu Santo, los renueva constantemente y los impulsa a la formaci\u00f3n permanente para estar disponibles en el servicio de la Iglesia.<\/span><\/p>\n<p><span style=\"font-family: Montserrat;\">Patrimonio espiritual de la Orden son la vida, la doctrina y la Regla de San Agust\u00edn, la \u201cForma de vivir\u201d de los comienzos de la recolecci\u00f3n y el testimonio de santidad de tantos hermanos que, fieles al Esp\u00edritu, han dado vida a su historia.<\/span><\/p>\n<p><span style=\"font-family: Montserrat;\">Las Constituciones son la expresi\u00f3n del carisma de la Orden y proponen la manera peculiar de seguir a Jes\u00fas respondiendo a la vocaci\u00f3n de Agustinos Recoletos. En ellas se integran los tres aspectos constitutivos del carisma: el amor contemplativo, el amor ordenado comunitario y el amor difusivo apost\u00f3lico.<\/span><\/p>\n<p><span style=\"font-family: Montserrat;\">La Orden est\u00e1 formada por religiosos sacerdotes y religiosos hermanos; todos ellos viven su vocaci\u00f3n, comparten la vida fraterna en la comunidad y tienen una misi\u00f3n que realizar.<\/span><\/p>\n<blockquote class=\"wp-embedded-content\" data-secret=\"ljckwawOxB\"><p><a href=\"https:\/\/www.agustinosrecoletos.com\/quienes-somos\/origen-carisma\/\">Origen y carisma<\/a><\/p><\/blockquote>\n<p><iframe loading=\"lazy\" class=\"wp-embedded-content\" sandbox=\"allow-scripts\" security=\"restricted\" style=\"position: absolute; clip: rect(1px, 1px, 1px, 1px);\" title=\"\u00abOrigen y carisma\u00bb \u2014 Agustinos Recoletos\" src=\"https:\/\/www.agustinosrecoletos.com\/quienes-somos\/origen-carisma\/embed\/#?secret=ljckwawOxB\" data-secret=\"ljckwawOxB\" width=\"600\" height=\"338\" frameborder=\"0\" marginwidth=\"0\" marginheight=\"0\" scrolling=\"no\"><\/iframe><\/p>\n<p>[\/et_pb_text][\/et_pb_column][\/et_pb_row][\/et_pb_section]<\/p>\n","protected":false},"excerpt":{"rendered":"<p>Origen En el siglo XVI, algunos religiosos Agustinos de la Provincia de Castilla, impulsados por un especial carisma colectivo, deseaban vivir con renovado fervor y nuevas normas la forma de vida consagrada que san Agust\u00edn fund\u00f3 en la Iglesia, ilustr\u00f3 con su doctrina y ejemplo y orden\u00f3 en su santa Regla. Algo similar ocurri\u00f3, a [&hellip;]<\/p>\n","protected":false},"author":1,"featured_media":436,"parent":0,"menu_order":0,"comment_status":"closed","ping_status":"closed","template":"","meta":{"_et_pb_use_builder":"on","_et_pb_old_content":"","_et_gb_content_width":"","cybocfi_hide_featured_image":"","footnotes":""},"class_list":["post-324","page","type-page","status-publish","has-post-thumbnail","hentry"],"yoast_head":"<!-- This site is optimized with the Yoast SEO plugin v27.6 - https:\/\/yoast.com\/product\/yoast-seo-wordpress\/ -->\n<title>Agustinos Recoletos - Parroquia de Santa M\u00f3nica Agustinos Recoletos<\/title>\n<meta name=\"robots\" content=\"index, follow, max-snippet:-1, max-image-preview:large, max-video-preview:-1\" \/>\n<link rel=\"canonical\" href=\"https:\/\/santamonica.archimadrid.es\/index.php\/nosotros\/\" \/>\n<meta property=\"og:locale\" content=\"es_ES\" \/>\n<meta property=\"og:type\" content=\"article\" \/>\n<meta property=\"og:title\" content=\"Agustinos Recoletos - Parroquia de Santa M\u00f3nica Agustinos Recoletos\" \/>\n<meta property=\"og:description\" content=\"Origen En el siglo XVI, algunos religiosos Agustinos de la Provincia de Castilla, impulsados por un especial carisma colectivo, deseaban vivir con renovado fervor y nuevas normas la forma de vida consagrada que san Agust\u00edn fund\u00f3 en la Iglesia, ilustr\u00f3 con su doctrina y ejemplo y orden\u00f3 en su santa Regla. Algo similar ocurri\u00f3, a [&hellip;]\" \/>\n<meta property=\"og:url\" content=\"https:\/\/santamonica.archimadrid.es\/index.php\/nosotros\/\" \/>\n<meta property=\"og:site_name\" content=\"Parroquia de Santa M\u00f3nica Agustinos Recoletos\" \/>\n<meta property=\"article:modified_time\" content=\"2022-08-15T15:56:14+00:00\" \/>\n<meta property=\"og:image\" content=\"https:\/\/santamonica.archimadrid.es\/wp-content\/uploads\/2022\/01\/1200px-EMBLEMA_17_LATIN_COLOR.03.svg_.png\" \/>\n\t<meta property=\"og:image:width\" content=\"1200\" \/>\n\t<meta property=\"og:image:height\" content=\"1200\" \/>\n\t<meta property=\"og:image:type\" content=\"image\/png\" \/>\n<meta name=\"twitter:card\" content=\"summary_large_image\" \/>\n<meta name=\"twitter:label1\" content=\"Tiempo de lectura\" \/>\n\t<meta name=\"twitter:data1\" content=\"4 minutos\" \/>\n<script type=\"application\/ld+json\" class=\"yoast-schema-graph\">{\"@context\":\"https:\\\/\\\/schema.org\",\"@graph\":[{\"@type\":\"WebPage\",\"@id\":\"https:\\\/\\\/santamonica.archimadrid.es\\\/index.php\\\/nosotros\\\/\",\"url\":\"https:\\\/\\\/santamonica.archimadrid.es\\\/index.php\\\/nosotros\\\/\",\"name\":\"Agustinos Recoletos - Parroquia de Santa M\u00f3nica Agustinos Recoletos\",\"isPartOf\":{\"@id\":\"https:\\\/\\\/santamonica.archimadrid.es\\\/#website\"},\"primaryImageOfPage\":{\"@id\":\"https:\\\/\\\/santamonica.archimadrid.es\\\/index.php\\\/nosotros\\\/#primaryimage\"},\"image\":{\"@id\":\"https:\\\/\\\/santamonica.archimadrid.es\\\/index.php\\\/nosotros\\\/#primaryimage\"},\"thumbnailUrl\":\"https:\\\/\\\/santamonica.archimadrid.es\\\/wp-content\\\/uploads\\\/2022\\\/01\\\/1200px-EMBLEMA_17_LATIN_COLOR.03.svg_.png\",\"datePublished\":\"2022-01-02T11:21:48+00:00\",\"dateModified\":\"2022-08-15T15:56:14+00:00\",\"breadcrumb\":{\"@id\":\"https:\\\/\\\/santamonica.archimadrid.es\\\/index.php\\\/nosotros\\\/#breadcrumb\"},\"inLanguage\":\"es\",\"potentialAction\":[{\"@type\":\"ReadAction\",\"target\":[\"https:\\\/\\\/santamonica.archimadrid.es\\\/index.php\\\/nosotros\\\/\"]}]},{\"@type\":\"ImageObject\",\"inLanguage\":\"es\",\"@id\":\"https:\\\/\\\/santamonica.archimadrid.es\\\/index.php\\\/nosotros\\\/#primaryimage\",\"url\":\"https:\\\/\\\/santamonica.archimadrid.es\\\/wp-content\\\/uploads\\\/2022\\\/01\\\/1200px-EMBLEMA_17_LATIN_COLOR.03.svg_.png\",\"contentUrl\":\"https:\\\/\\\/santamonica.archimadrid.es\\\/wp-content\\\/uploads\\\/2022\\\/01\\\/1200px-EMBLEMA_17_LATIN_COLOR.03.svg_.png\",\"width\":1200,\"height\":1200},{\"@type\":\"BreadcrumbList\",\"@id\":\"https:\\\/\\\/santamonica.archimadrid.es\\\/index.php\\\/nosotros\\\/#breadcrumb\",\"itemListElement\":[{\"@type\":\"ListItem\",\"position\":1,\"name\":\"Portada\",\"item\":\"https:\\\/\\\/santamonica.archimadrid.es\\\/\"},{\"@type\":\"ListItem\",\"position\":2,\"name\":\"Agustinos Recoletos\"}]},{\"@type\":\"WebSite\",\"@id\":\"https:\\\/\\\/santamonica.archimadrid.es\\\/#website\",\"url\":\"https:\\\/\\\/santamonica.archimadrid.es\\\/\",\"name\":\"Parroquia de Santa M\u00f3nica Agustinos Recoletos\",\"description\":\"P\u00e1gina oficial de la Parroquia Santa M\u00f3nica. Actividades parroquiales, noticias de la parroquia y de la iglesia. Servicios Parroquiales. Sacramentos. Devoci\u00f3n a Santa M\u00f3nica, madre de San Agust\u00edn. Promoci\u00f3n Madres Cristianas Santa M\u00f3nica. Oraci\u00f3n por la fe de los hijos y de las familias Devoci\u00f3n a San Ezequiel Moreno. Oraci\u00f3n por los enfermos.\",\"publisher\":{\"@id\":\"https:\\\/\\\/santamonica.archimadrid.es\\\/#organization\"},\"potentialAction\":[{\"@type\":\"SearchAction\",\"target\":{\"@type\":\"EntryPoint\",\"urlTemplate\":\"https:\\\/\\\/santamonica.archimadrid.es\\\/?s={search_term_string}\"},\"query-input\":{\"@type\":\"PropertyValueSpecification\",\"valueRequired\":true,\"valueName\":\"search_term_string\"}}],\"inLanguage\":\"es\"},{\"@type\":\"Organization\",\"@id\":\"https:\\\/\\\/santamonica.archimadrid.es\\\/#organization\",\"name\":\"Parroquia de Santa M\u00f3nica Agustinos Recoletos\",\"url\":\"https:\\\/\\\/santamonica.archimadrid.es\\\/\",\"logo\":{\"@type\":\"ImageObject\",\"inLanguage\":\"es\",\"@id\":\"https:\\\/\\\/santamonica.archimadrid.es\\\/#\\\/schema\\\/logo\\\/image\\\/\",\"url\":\"https:\\\/\\\/santamonica.archimadrid.es\\\/wp-content\\\/uploads\\\/2022\\\/09\\\/icono_parroquia_tamonica-1.jpg\",\"contentUrl\":\"https:\\\/\\\/santamonica.archimadrid.es\\\/wp-content\\\/uploads\\\/2022\\\/09\\\/icono_parroquia_tamonica-1.jpg\",\"width\":1440,\"height\":1776,\"caption\":\"Parroquia de Santa M\u00f3nica Agustinos Recoletos\"},\"image\":{\"@id\":\"https:\\\/\\\/santamonica.archimadrid.es\\\/#\\\/schema\\\/logo\\\/image\\\/\"}}]}<\/script>\n<!-- \/ Yoast SEO plugin. -->","yoast_head_json":{"title":"Agustinos Recoletos - Parroquia de Santa M\u00f3nica Agustinos Recoletos","robots":{"index":"index","follow":"follow","max-snippet":"max-snippet:-1","max-image-preview":"max-image-preview:large","max-video-preview":"max-video-preview:-1"},"canonical":"https:\/\/santamonica.archimadrid.es\/index.php\/nosotros\/","og_locale":"es_ES","og_type":"article","og_title":"Agustinos Recoletos - Parroquia de Santa M\u00f3nica Agustinos Recoletos","og_description":"Origen En el siglo XVI, algunos religiosos Agustinos de la Provincia de Castilla, impulsados por un especial carisma colectivo, deseaban vivir con renovado fervor y nuevas normas la forma de vida consagrada que san Agust\u00edn fund\u00f3 en la Iglesia, ilustr\u00f3 con su doctrina y ejemplo y orden\u00f3 en su santa Regla. Algo similar ocurri\u00f3, a [&hellip;]","og_url":"https:\/\/santamonica.archimadrid.es\/index.php\/nosotros\/","og_site_name":"Parroquia de Santa M\u00f3nica Agustinos Recoletos","article_modified_time":"2022-08-15T15:56:14+00:00","og_image":[{"width":1200,"height":1200,"url":"https:\/\/santamonica.archimadrid.es\/wp-content\/uploads\/2022\/01\/1200px-EMBLEMA_17_LATIN_COLOR.03.svg_.png","type":"image\/png"}],"twitter_card":"summary_large_image","twitter_misc":{"Tiempo de lectura":"4 minutos"},"schema":{"@context":"https:\/\/schema.org","@graph":[{"@type":"WebPage","@id":"https:\/\/santamonica.archimadrid.es\/index.php\/nosotros\/","url":"https:\/\/santamonica.archimadrid.es\/index.php\/nosotros\/","name":"Agustinos Recoletos - Parroquia de Santa M\u00f3nica Agustinos Recoletos","isPartOf":{"@id":"https:\/\/santamonica.archimadrid.es\/#website"},"primaryImageOfPage":{"@id":"https:\/\/santamonica.archimadrid.es\/index.php\/nosotros\/#primaryimage"},"image":{"@id":"https:\/\/santamonica.archimadrid.es\/index.php\/nosotros\/#primaryimage"},"thumbnailUrl":"https:\/\/santamonica.archimadrid.es\/wp-content\/uploads\/2022\/01\/1200px-EMBLEMA_17_LATIN_COLOR.03.svg_.png","datePublished":"2022-01-02T11:21:48+00:00","dateModified":"2022-08-15T15:56:14+00:00","breadcrumb":{"@id":"https:\/\/santamonica.archimadrid.es\/index.php\/nosotros\/#breadcrumb"},"inLanguage":"es","potentialAction":[{"@type":"ReadAction","target":["https:\/\/santamonica.archimadrid.es\/index.php\/nosotros\/"]}]},{"@type":"ImageObject","inLanguage":"es","@id":"https:\/\/santamonica.archimadrid.es\/index.php\/nosotros\/#primaryimage","url":"https:\/\/santamonica.archimadrid.es\/wp-content\/uploads\/2022\/01\/1200px-EMBLEMA_17_LATIN_COLOR.03.svg_.png","contentUrl":"https:\/\/santamonica.archimadrid.es\/wp-content\/uploads\/2022\/01\/1200px-EMBLEMA_17_LATIN_COLOR.03.svg_.png","width":1200,"height":1200},{"@type":"BreadcrumbList","@id":"https:\/\/santamonica.archimadrid.es\/index.php\/nosotros\/#breadcrumb","itemListElement":[{"@type":"ListItem","position":1,"name":"Portada","item":"https:\/\/santamonica.archimadrid.es\/"},{"@type":"ListItem","position":2,"name":"Agustinos Recoletos"}]},{"@type":"WebSite","@id":"https:\/\/santamonica.archimadrid.es\/#website","url":"https:\/\/santamonica.archimadrid.es\/","name":"Parroquia de Santa M\u00f3nica Agustinos Recoletos","description":"P\u00e1gina oficial de la Parroquia Santa M\u00f3nica. Actividades parroquiales, noticias de la parroquia y de la iglesia. Servicios Parroquiales. Sacramentos. Devoci\u00f3n a Santa M\u00f3nica, madre de San Agust\u00edn. Promoci\u00f3n Madres Cristianas Santa M\u00f3nica. Oraci\u00f3n por la fe de los hijos y de las familias Devoci\u00f3n a San Ezequiel Moreno. Oraci\u00f3n por los enfermos.","publisher":{"@id":"https:\/\/santamonica.archimadrid.es\/#organization"},"potentialAction":[{"@type":"SearchAction","target":{"@type":"EntryPoint","urlTemplate":"https:\/\/santamonica.archimadrid.es\/?s={search_term_string}"},"query-input":{"@type":"PropertyValueSpecification","valueRequired":true,"valueName":"search_term_string"}}],"inLanguage":"es"},{"@type":"Organization","@id":"https:\/\/santamonica.archimadrid.es\/#organization","name":"Parroquia de Santa M\u00f3nica Agustinos Recoletos","url":"https:\/\/santamonica.archimadrid.es\/","logo":{"@type":"ImageObject","inLanguage":"es","@id":"https:\/\/santamonica.archimadrid.es\/#\/schema\/logo\/image\/","url":"https:\/\/santamonica.archimadrid.es\/wp-content\/uploads\/2022\/09\/icono_parroquia_tamonica-1.jpg","contentUrl":"https:\/\/santamonica.archimadrid.es\/wp-content\/uploads\/2022\/09\/icono_parroquia_tamonica-1.jpg","width":1440,"height":1776,"caption":"Parroquia de Santa M\u00f3nica Agustinos Recoletos"},"image":{"@id":"https:\/\/santamonica.archimadrid.es\/#\/schema\/logo\/image\/"}}]}},"jetpack_sharing_enabled":true,"_links":{"self":[{"href":"https:\/\/santamonica.archimadrid.es\/index.php\/wp-json\/wp\/v2\/pages\/324","targetHints":{"allow":["GET"]}}],"collection":[{"href":"https:\/\/santamonica.archimadrid.es\/index.php\/wp-json\/wp\/v2\/pages"}],"about":[{"href":"https:\/\/santamonica.archimadrid.es\/index.php\/wp-json\/wp\/v2\/types\/page"}],"author":[{"embeddable":true,"href":"https:\/\/santamonica.archimadrid.es\/index.php\/wp-json\/wp\/v2\/users\/1"}],"replies":[{"embeddable":true,"href":"https:\/\/santamonica.archimadrid.es\/index.php\/wp-json\/wp\/v2\/comments?post=324"}],"version-history":[{"count":14,"href":"https:\/\/santamonica.archimadrid.es\/index.php\/wp-json\/wp\/v2\/pages\/324\/revisions"}],"predecessor-version":[{"id":930,"href":"https:\/\/santamonica.archimadrid.es\/index.php\/wp-json\/wp\/v2\/pages\/324\/revisions\/930"}],"wp:featuredmedia":[{"embeddable":true,"href":"https:\/\/santamonica.archimadrid.es\/index.php\/wp-json\/wp\/v2\/media\/436"}],"wp:attachment":[{"href":"https:\/\/santamonica.archimadrid.es\/index.php\/wp-json\/wp\/v2\/media?parent=324"}],"curies":[{"name":"wp","href":"https:\/\/api.w.org\/{rel}","templated":true}]}}