{"id":3193,"date":"2025-03-06T16:15:38","date_gmt":"2025-03-06T16:15:38","guid":{"rendered":"https:\/\/santamonica.archimadrid.es\/?page_id=3193"},"modified":"2025-03-06T16:53:43","modified_gmt":"2025-03-06T16:53:43","slug":"novena-a-san-ezequiel-moreno","status":"publish","type":"page","link":"https:\/\/santamonica.archimadrid.es\/index.php\/novena-a-san-ezequiel-moreno\/","title":{"rendered":"Novena a San Ezequiel Moreno"},"content":{"rendered":"\n<div style=\"height:20px\" aria-hidden=\"true\" class=\"wp-block-spacer\"><\/div>\n\n\n\n<figure class=\"wp-block-image aligncenter size-full is-resized\"><img loading=\"lazy\" decoding=\"async\" width=\"211\" height=\"181\" src=\"https:\/\/santamonica.archimadrid.es\/wp-content\/uploads\/2023\/05\/san-ezequiel-imagen-destacada.jpg\" alt=\"\" class=\"wp-image-2048\" style=\"width:372px;height:auto\"\/><figcaption class=\"wp-element-caption\">San Ezequiel Moreno<\/figcaption><\/figure>\n\n\n\n<div class=\"wp-block-columns is-layout-flex wp-container-core-columns-is-layout-9d6595d7 wp-block-columns-is-layout-flex\">\n<div class=\"wp-block-column is-layout-flow wp-block-column-is-layout-flow\">\n<p><em><strong>Oraciones para cada d\u00eda<\/strong><\/em><strong><em> de la novena<\/em><\/strong><\/p>\n\n\n\n<p><strong><a href=\"https:\/\/santamonica.archimadrid.es\/index.php\/2023\/08\/10\/novena-a-san-ezequiel-moreno-1\/\">PRIMER D\u00cdA<\/a><\/strong><\/p>\n\n\n\n<p><strong><a href=\"https:\/\/santamonica.archimadrid.es\/index.php\/2023\/08\/10\/novena-a-san-ezequiel-moreno-2-9\/\">SEGUNDO D\u00cdA<\/a><\/strong><\/p>\n\n\n\n<p><strong><a href=\"https:\/\/santamonica.archimadrid.es\/index.php\/2023\/08\/12\/novena-a-san-ezequiel-moreno-3-9\/\">TERCER D\u00cdA<\/a><\/strong><\/p>\n\n\n\n<p><strong><a href=\"https:\/\/santamonica.archimadrid.es\/index.php\/2023\/08\/13\/novena-a-san-ezequiel-moreno-4-9\/\">CUARTO D\u00cdA<\/a><\/strong><\/p>\n\n\n\n<p><strong><a href=\"https:\/\/santamonica.archimadrid.es\/index.php\/2023\/08\/14\/novena-a-san-ezequiel-moreno-5-9\/\">QUINTO D\u00cdA<\/a><\/strong><\/p>\n\n\n\n<p><strong><a href=\"https:\/\/santamonica.archimadrid.es\/index.php\/2023\/08\/15\/novena-a-san-ezequiel-moreno-6-9\/\">SEXTO D\u00cdA<\/a><\/strong><\/p>\n\n\n\n<p><strong><a href=\"https:\/\/santamonica.archimadrid.es\/index.php\/2023\/08\/16\/novena-a-san-ezequiel-moreno-7-9\/\">S\u00c9PTIMO D\u00cdA<\/a><\/strong><\/p>\n\n\n\n<p><strong><a href=\"https:\/\/santamonica.archimadrid.es\/index.php\/2023\/08\/17\/novena-a-san-ezequiel-moreno-8-9\/\">OCTAVO D\u00cdA<\/a><\/strong><\/p>\n\n\n\n<p><strong><a href=\"https:\/\/santamonica.archimadrid.es\/index.php\/2023\/08\/18\/novena-a-san-ezequiel-moreno-9-9\/\">NOVENO D\u00cdA<\/a><\/strong><\/p>\n<\/div>\n\n\n\n<div class=\"wp-block-column is-layout-flow wp-block-column-is-layout-flow\">\n<p><a href=\"https:\/\/santamonica.archimadrid.es\/index.php\/2022\/08\/10\/novena-a-san-ezequiel-moreno\/\"><strong>NOVENA A SAN EZEQUIEL MORENO (completa)<\/strong><\/a><\/p>\n\n\n\n<p>Se trata de la misma novena, con datos biogr\u00e1ficos y en forma completa, con las oraciones para todos los d\u00edas.<\/p>\n<\/div>\n<\/div>\n","protected":false},"excerpt":{"rendered":"<p>Oraciones para cada d\u00eda de la novena PRIMER D\u00cdA SEGUNDO D\u00cdA TERCER D\u00cdA CUARTO D\u00cdA QUINTO D\u00cdA SEXTO D\u00cdA S\u00c9PTIMO D\u00cdA OCTAVO D\u00cdA NOVENO D\u00cdA NOVENA A SAN EZEQUIEL MORENO (completa) Se trata de la misma novena, con datos biogr\u00e1ficos y en forma completa, con las oraciones para todos los d\u00edas.<\/p>\n","protected":false},"author":1,"featured_media":0,"parent":0,"menu_order":0,"comment_status":"closed","ping_status":"closed","template":"","meta":{"_et_pb_use_builder":"","_et_pb_old_content":"","_et_gb_content_width":"","cybocfi_hide_featured_image":"","footnotes":""},"class_list":["post-3193","page","type-page","status-publish","hentry"],"yoast_head":"<!-- This site is optimized with the Yoast SEO plugin v27.3 - https:\/\/yoast.com\/product\/yoast-seo-wordpress\/ -->\n<title>Novena a San Ezequiel Moreno - Parroquia de Santa M\u00f3nica Agustinos Recoletos<\/title>\n<meta name=\"robots\" content=\"index, follow, max-snippet:-1, max-image-preview:large, max-video-preview:-1\" \/>\n<link rel=\"canonical\" href=\"https:\/\/santamonica.archimadrid.es\/index.php\/novena-a-san-ezequiel-moreno\/\" \/>\n<meta property=\"og:locale\" content=\"es_ES\" \/>\n<meta property=\"og:type\" content=\"article\" \/>\n<meta property=\"og:title\" content=\"Novena a San Ezequiel Moreno - Parroquia de Santa M\u00f3nica Agustinos Recoletos\" \/>\n<meta property=\"og:description\" content=\"Oraciones para cada d\u00eda de la novena PRIMER D\u00cdA SEGUNDO D\u00cdA TERCER D\u00cdA CUARTO D\u00cdA QUINTO D\u00cdA SEXTO D\u00cdA S\u00c9PTIMO D\u00cdA OCTAVO D\u00cdA NOVENO D\u00cdA NOVENA A SAN EZEQUIEL MORENO (completa) Se trata de la misma novena, con datos biogr\u00e1ficos y en forma completa, con las oraciones para todos los d\u00edas.\" \/>\n<meta property=\"og:url\" content=\"https:\/\/santamonica.archimadrid.es\/index.php\/novena-a-san-ezequiel-moreno\/\" \/>\n<meta property=\"og:site_name\" content=\"Parroquia de Santa M\u00f3nica Agustinos Recoletos\" \/>\n<meta property=\"article:modified_time\" content=\"2025-03-06T16:53:43+00:00\" \/>\n<meta property=\"og:image\" content=\"https:\/\/santamonica.archimadrid.es\/wp-content\/uploads\/2023\/05\/san-ezequiel-imagen-destacada.jpg\" \/>\n\t<meta property=\"og:image:width\" content=\"211\" \/>\n\t<meta property=\"og:image:height\" content=\"181\" \/>\n\t<meta property=\"og:image:type\" content=\"image\/jpeg\" \/>\n<meta name=\"twitter:card\" content=\"summary_large_image\" \/>\n<meta name=\"twitter:label1\" content=\"Tiempo de lectura\" \/>\n\t<meta name=\"twitter:data1\" content=\"1 minuto\" \/>\n<script type=\"application\/ld+json\" class=\"yoast-schema-graph\">{\"@context\":\"https:\\\/\\\/schema.org\",\"@graph\":[{\"@type\":\"WebPage\",\"@id\":\"https:\\\/\\\/santamonica.archimadrid.es\\\/index.php\\\/novena-a-san-ezequiel-moreno\\\/\",\"url\":\"https:\\\/\\\/santamonica.archimadrid.es\\\/index.php\\\/novena-a-san-ezequiel-moreno\\\/\",\"name\":\"Novena a San Ezequiel Moreno - Parroquia de Santa M\u00f3nica Agustinos Recoletos\",\"isPartOf\":{\"@id\":\"https:\\\/\\\/santamonica.archimadrid.es\\\/#website\"},\"primaryImageOfPage\":{\"@id\":\"https:\\\/\\\/santamonica.archimadrid.es\\\/index.php\\\/novena-a-san-ezequiel-moreno\\\/#primaryimage\"},\"image\":{\"@id\":\"https:\\\/\\\/santamonica.archimadrid.es\\\/index.php\\\/novena-a-san-ezequiel-moreno\\\/#primaryimage\"},\"thumbnailUrl\":\"https:\\\/\\\/santamonica.archimadrid.es\\\/wp-content\\\/uploads\\\/2023\\\/05\\\/san-ezequiel-imagen-destacada.jpg\",\"datePublished\":\"2025-03-06T16:15:38+00:00\",\"dateModified\":\"2025-03-06T16:53:43+00:00\",\"breadcrumb\":{\"@id\":\"https:\\\/\\\/santamonica.archimadrid.es\\\/index.php\\\/novena-a-san-ezequiel-moreno\\\/#breadcrumb\"},\"inLanguage\":\"es\",\"potentialAction\":[{\"@type\":\"ReadAction\",\"target\":[\"https:\\\/\\\/santamonica.archimadrid.es\\\/index.php\\\/novena-a-san-ezequiel-moreno\\\/\"]}]},{\"@type\":\"ImageObject\",\"inLanguage\":\"es\",\"@id\":\"https:\\\/\\\/santamonica.archimadrid.es\\\/index.php\\\/novena-a-san-ezequiel-moreno\\\/#primaryimage\",\"url\":\"https:\\\/\\\/santamonica.archimadrid.es\\\/wp-content\\\/uploads\\\/2023\\\/05\\\/san-ezequiel-imagen-destacada.jpg\",\"contentUrl\":\"https:\\\/\\\/santamonica.archimadrid.es\\\/wp-content\\\/uploads\\\/2023\\\/05\\\/san-ezequiel-imagen-destacada.jpg\",\"width\":211,\"height\":181},{\"@type\":\"BreadcrumbList\",\"@id\":\"https:\\\/\\\/santamonica.archimadrid.es\\\/index.php\\\/novena-a-san-ezequiel-moreno\\\/#breadcrumb\",\"itemListElement\":[{\"@type\":\"ListItem\",\"position\":1,\"name\":\"Portada\",\"item\":\"https:\\\/\\\/santamonica.archimadrid.es\\\/\"},{\"@type\":\"ListItem\",\"position\":2,\"name\":\"Novena a San Ezequiel Moreno\"}]},{\"@type\":\"WebSite\",\"@id\":\"https:\\\/\\\/santamonica.archimadrid.es\\\/#website\",\"url\":\"https:\\\/\\\/santamonica.archimadrid.es\\\/\",\"name\":\"Parroquia de Santa M\u00f3nica Agustinos Recoletos\",\"description\":\"P\u00e1gina oficial de la Parroquia Santa M\u00f3nica. Actividades parroquiales, noticias de la parroquia y de la iglesia. Servicios Parroquiales. Sacramentos. Devoci\u00f3n a Santa M\u00f3nica, madre de San Agust\u00edn. Promoci\u00f3n Madres Cristianas Santa M\u00f3nica. Oraci\u00f3n por la fe de los hijos y de las familias Devoci\u00f3n a San Ezequiel Moreno. Oraci\u00f3n por los enfermos.\",\"publisher\":{\"@id\":\"https:\\\/\\\/santamonica.archimadrid.es\\\/#organization\"},\"potentialAction\":[{\"@type\":\"SearchAction\",\"target\":{\"@type\":\"EntryPoint\",\"urlTemplate\":\"https:\\\/\\\/santamonica.archimadrid.es\\\/?s={search_term_string}\"},\"query-input\":{\"@type\":\"PropertyValueSpecification\",\"valueRequired\":true,\"valueName\":\"search_term_string\"}}],\"inLanguage\":\"es\"},{\"@type\":\"Organization\",\"@id\":\"https:\\\/\\\/santamonica.archimadrid.es\\\/#organization\",\"name\":\"Parroquia de Santa M\u00f3nica Agustinos Recoletos\",\"url\":\"https:\\\/\\\/santamonica.archimadrid.es\\\/\",\"logo\":{\"@type\":\"ImageObject\",\"inLanguage\":\"es\",\"@id\":\"https:\\\/\\\/santamonica.archimadrid.es\\\/#\\\/schema\\\/logo\\\/image\\\/\",\"url\":\"https:\\\/\\\/santamonica.archimadrid.es\\\/wp-content\\\/uploads\\\/2022\\\/09\\\/icono_parroquia_tamonica-1.jpg\",\"contentUrl\":\"https:\\\/\\\/santamonica.archimadrid.es\\\/wp-content\\\/uploads\\\/2022\\\/09\\\/icono_parroquia_tamonica-1.jpg\",\"width\":1440,\"height\":1776,\"caption\":\"Parroquia de Santa M\u00f3nica Agustinos Recoletos\"},\"image\":{\"@id\":\"https:\\\/\\\/santamonica.archimadrid.es\\\/#\\\/schema\\\/logo\\\/image\\\/\"}}]}<\/script>\n<!-- \/ Yoast SEO plugin. -->","yoast_head_json":{"title":"Novena a San Ezequiel Moreno - Parroquia de Santa M\u00f3nica Agustinos Recoletos","robots":{"index":"index","follow":"follow","max-snippet":"max-snippet:-1","max-image-preview":"max-image-preview:large","max-video-preview":"max-video-preview:-1"},"canonical":"https:\/\/santamonica.archimadrid.es\/index.php\/novena-a-san-ezequiel-moreno\/","og_locale":"es_ES","og_type":"article","og_title":"Novena a San Ezequiel Moreno - Parroquia de Santa M\u00f3nica Agustinos Recoletos","og_description":"Oraciones para cada d\u00eda de la novena PRIMER D\u00cdA SEGUNDO D\u00cdA TERCER D\u00cdA CUARTO D\u00cdA QUINTO D\u00cdA SEXTO D\u00cdA S\u00c9PTIMO D\u00cdA OCTAVO D\u00cdA NOVENO D\u00cdA NOVENA A SAN EZEQUIEL MORENO (completa) Se trata de la misma novena, con datos biogr\u00e1ficos y en forma completa, con las oraciones para todos los d\u00edas.","og_url":"https:\/\/santamonica.archimadrid.es\/index.php\/novena-a-san-ezequiel-moreno\/","og_site_name":"Parroquia de Santa M\u00f3nica Agustinos Recoletos","article_modified_time":"2025-03-06T16:53:43+00:00","og_image":[{"width":211,"height":181,"url":"https:\/\/santamonica.archimadrid.es\/wp-content\/uploads\/2023\/05\/san-ezequiel-imagen-destacada.jpg","type":"image\/jpeg"}],"twitter_card":"summary_large_image","twitter_misc":{"Tiempo de lectura":"1 minuto"},"schema":{"@context":"https:\/\/schema.org","@graph":[{"@type":"WebPage","@id":"https:\/\/santamonica.archimadrid.es\/index.php\/novena-a-san-ezequiel-moreno\/","url":"https:\/\/santamonica.archimadrid.es\/index.php\/novena-a-san-ezequiel-moreno\/","name":"Novena a San Ezequiel Moreno - Parroquia de Santa M\u00f3nica Agustinos Recoletos","isPartOf":{"@id":"https:\/\/santamonica.archimadrid.es\/#website"},"primaryImageOfPage":{"@id":"https:\/\/santamonica.archimadrid.es\/index.php\/novena-a-san-ezequiel-moreno\/#primaryimage"},"image":{"@id":"https:\/\/santamonica.archimadrid.es\/index.php\/novena-a-san-ezequiel-moreno\/#primaryimage"},"thumbnailUrl":"https:\/\/santamonica.archimadrid.es\/wp-content\/uploads\/2023\/05\/san-ezequiel-imagen-destacada.jpg","datePublished":"2025-03-06T16:15:38+00:00","dateModified":"2025-03-06T16:53:43+00:00","breadcrumb":{"@id":"https:\/\/santamonica.archimadrid.es\/index.php\/novena-a-san-ezequiel-moreno\/#breadcrumb"},"inLanguage":"es","potentialAction":[{"@type":"ReadAction","target":["https:\/\/santamonica.archimadrid.es\/index.php\/novena-a-san-ezequiel-moreno\/"]}]},{"@type":"ImageObject","inLanguage":"es","@id":"https:\/\/santamonica.archimadrid.es\/index.php\/novena-a-san-ezequiel-moreno\/#primaryimage","url":"https:\/\/santamonica.archimadrid.es\/wp-content\/uploads\/2023\/05\/san-ezequiel-imagen-destacada.jpg","contentUrl":"https:\/\/santamonica.archimadrid.es\/wp-content\/uploads\/2023\/05\/san-ezequiel-imagen-destacada.jpg","width":211,"height":181},{"@type":"BreadcrumbList","@id":"https:\/\/santamonica.archimadrid.es\/index.php\/novena-a-san-ezequiel-moreno\/#breadcrumb","itemListElement":[{"@type":"ListItem","position":1,"name":"Portada","item":"https:\/\/santamonica.archimadrid.es\/"},{"@type":"ListItem","position":2,"name":"Novena a San Ezequiel Moreno"}]},{"@type":"WebSite","@id":"https:\/\/santamonica.archimadrid.es\/#website","url":"https:\/\/santamonica.archimadrid.es\/","name":"Parroquia de Santa M\u00f3nica Agustinos Recoletos","description":"P\u00e1gina oficial de la Parroquia Santa M\u00f3nica. Actividades parroquiales, noticias de la parroquia y de la iglesia. Servicios Parroquiales. Sacramentos. Devoci\u00f3n a Santa M\u00f3nica, madre de San Agust\u00edn. Promoci\u00f3n Madres Cristianas Santa M\u00f3nica. Oraci\u00f3n por la fe de los hijos y de las familias Devoci\u00f3n a San Ezequiel Moreno. Oraci\u00f3n por los enfermos.","publisher":{"@id":"https:\/\/santamonica.archimadrid.es\/#organization"},"potentialAction":[{"@type":"SearchAction","target":{"@type":"EntryPoint","urlTemplate":"https:\/\/santamonica.archimadrid.es\/?s={search_term_string}"},"query-input":{"@type":"PropertyValueSpecification","valueRequired":true,"valueName":"search_term_string"}}],"inLanguage":"es"},{"@type":"Organization","@id":"https:\/\/santamonica.archimadrid.es\/#organization","name":"Parroquia de Santa M\u00f3nica Agustinos Recoletos","url":"https:\/\/santamonica.archimadrid.es\/","logo":{"@type":"ImageObject","inLanguage":"es","@id":"https:\/\/santamonica.archimadrid.es\/#\/schema\/logo\/image\/","url":"https:\/\/santamonica.archimadrid.es\/wp-content\/uploads\/2022\/09\/icono_parroquia_tamonica-1.jpg","contentUrl":"https:\/\/santamonica.archimadrid.es\/wp-content\/uploads\/2022\/09\/icono_parroquia_tamonica-1.jpg","width":1440,"height":1776,"caption":"Parroquia de Santa M\u00f3nica Agustinos Recoletos"},"image":{"@id":"https:\/\/santamonica.archimadrid.es\/#\/schema\/logo\/image\/"}}]}},"jetpack_sharing_enabled":true,"_links":{"self":[{"href":"https:\/\/santamonica.archimadrid.es\/index.php\/wp-json\/wp\/v2\/pages\/3193","targetHints":{"allow":["GET"]}}],"collection":[{"href":"https:\/\/santamonica.archimadrid.es\/index.php\/wp-json\/wp\/v2\/pages"}],"about":[{"href":"https:\/\/santamonica.archimadrid.es\/index.php\/wp-json\/wp\/v2\/types\/page"}],"author":[{"embeddable":true,"href":"https:\/\/santamonica.archimadrid.es\/index.php\/wp-json\/wp\/v2\/users\/1"}],"replies":[{"embeddable":true,"href":"https:\/\/santamonica.archimadrid.es\/index.php\/wp-json\/wp\/v2\/comments?post=3193"}],"version-history":[{"count":14,"href":"https:\/\/santamonica.archimadrid.es\/index.php\/wp-json\/wp\/v2\/pages\/3193\/revisions"}],"predecessor-version":[{"id":3215,"href":"https:\/\/santamonica.archimadrid.es\/index.php\/wp-json\/wp\/v2\/pages\/3193\/revisions\/3215"}],"wp:attachment":[{"href":"https:\/\/santamonica.archimadrid.es\/index.php\/wp-json\/wp\/v2\/media?parent=3193"}],"curies":[{"name":"wp","href":"https:\/\/api.w.org\/{rel}","templated":true}]}}