{"id":3142,"date":"2025-03-06T14:25:21","date_gmt":"2025-03-06T14:25:21","guid":{"rendered":"https:\/\/santamonica.archimadrid.es\/?page_id=3142"},"modified":"2025-03-06T15:04:55","modified_gmt":"2025-03-06T15:04:55","slug":"oracion-de-las-madres-cristianas-por-la-fe-de-los-hijos","status":"publish","type":"page","link":"https:\/\/santamonica.archimadrid.es\/index.php\/oracion-de-las-madres-cristianas-por-la-fe-de-los-hijos\/","title":{"rendered":"Oraci\u00f3n de las madres cristianas por la fe de los hijos"},"content":{"rendered":"\n<div style=\"height:20px\" aria-hidden=\"true\" class=\"wp-block-spacer\"><\/div>\n\n\n\n<figure class=\"wp-block-image aligncenter size-full wp-image-424\"><img loading=\"lazy\" decoding=\"async\" width=\"766\" height=\"575\" src=\"https:\/\/santamonica.archimadrid.es\/wp-content\/uploads\/2022\/01\/santa-monica-y-san-agustin-ostia-tiberina-1.jpeg\" alt=\"\" class=\"wp-image-1329\" srcset=\"https:\/\/santamonica.archimadrid.es\/wp-content\/uploads\/2022\/01\/santa-monica-y-san-agustin-ostia-tiberina-1.jpeg 766w, https:\/\/santamonica.archimadrid.es\/wp-content\/uploads\/2022\/01\/santa-monica-y-san-agustin-ostia-tiberina-1-480x360.jpeg 480w\" sizes=\"(min-width: 0px) and (max-width: 480px) 480px, (min-width: 481px) 766px, 100vw\" \/><figcaption class=\"wp-element-caption\">Santa M\u00f3nica y su hijo Agust\u00edn en el \u00e9xtasis de Ostia Tiberina. Colegio Valdeluz, Madrid<\/figcaption><\/figure>\n\n\n\n<p class=\"has-text-align-right\">.<\/p>\n\n\n\n<p class=\"has-small-font-size\">Padre y Se\u00f1or nuestro, fuente de toda vida, somos madres cristianas. Con tu bendici\u00f3n y la cooperaci\u00f3n de nuestros maridos, hemos concebido para esta vida temporal a nuestros hijos. Pero nuestra misi\u00f3n no termina con el nacimiento de los hijos: queremos tambi\u00e9n concebirlos para la vida eterna. A fin de lograrlo, insistimos, con igual devoci\u00f3n y constancia que santa M\u00f3nica, en estas peticiones, repitiendo esta s\u00faplica:&nbsp;<\/p>\n\n\n\n<p><strong>\u00a1Ay\u00fadanos, Padre y Se\u00f1or nuestro!<\/strong><\/p>\n\n\n\n<ul class=\"wp-block-list\">\n<li>Para que, como santa M\u00f3nica, guiemos a nuestros hijos hacia ti con nuestra propia vida, m\u00e1s cristiana cada d\u00eda.<\/li>\n<\/ul>\n\n\n\n<p><strong>\u00a1Ay\u00fadanos, Padre y Se\u00f1or nuestro!<\/strong><\/p>\n\n\n\n<ul class=\"wp-block-list\">\n<li>Para que nos esmeremos en lograr la plena cooperaci\u00f3n de nuestros esposos en sembrar y consolidar la fe de los hijos.<\/li>\n<\/ul>\n\n\n\n<p><strong>\u00a1Ay\u00fadanos, Padre y Se\u00f1or nuestro!<\/strong><\/p>\n\n\n\n<ul class=\"wp-block-list\">\n<li>Para que, como santa M\u00f3nica, tratemos bien a nuestros hijos, y procedamos en todas las circunstancias con dulce serenidad, autoridad y amor.<\/li>\n<\/ul>\n\n\n\n<p><strong>\u00a1Ay\u00fadanos, Padre y Se\u00f1or nuestro!<\/strong><\/p>\n\n\n\n<ul class=\"wp-block-list\">\n<li>Para que estemos pendientes de la evoluci\u00f3n del car\u00e1cter de nuestros hijos, y atentas a los diversos ambientes en que se desenvuelve su vida.<\/li>\n<\/ul>\n\n\n\n<p><strong>\u00a1Ay\u00fadanos, Padre y Se\u00f1or nuestro!<\/strong>&nbsp;\u00b7<\/p>\n\n\n\n<ul class=\"wp-block-list\">\n<li>Para que de tal modo comuniquemos la fe a nuestros hijos, que ellos se preocupen de vivirla y de trasmitirla a los dem\u00e1s.<\/li>\n<\/ul>\n\n\n\n<p><strong>\u00a1Ay\u00fadanos, Padre y Se\u00f1or nuestro!<\/strong><\/p>\n\n\n\n<ul class=\"wp-block-list\">\n<li>Para que, si brotara en alguno de nuestros hijos o hijas el germen de una consagraci\u00f3n religiosa o sacerdotal, seamos generosas colaboradoras de su vocaci\u00f3n.<\/li>\n<\/ul>\n\n\n\n<p><strong>\u00a1Ay\u00fadanos, Padre y Se\u00f1or nuestro!<\/strong><\/p>\n\n\n\n<ul class=\"wp-block-list\">\n<li>Para que trasmitamos a nuestros hijos el conocimiento y amor a la di\u00f3cesis y a la parroquia en que vivimos, y les ense\u00f1emos a colaborar con ellas.<\/li>\n<\/ul>\n\n\n\n<p><strong>\u00a1Ay\u00fadanos, Padre y Se\u00f1or nuestro!<\/strong><\/p>\n\n\n\n<ul class=\"wp-block-list\">\n<li>Para que, si alg\u00fan hijo nuestro se desv\u00eda del buen camino, los padres sepamos rodearlo de amor, oraciones y consejos, hasta conseguir su retorno a la fe y a la pr\u00e1ctica religiosa<strong>.<\/strong><\/li>\n<\/ul>\n\n\n\n<p><strong>\u00a1Ay\u00fadanos, Padre y Se\u00f1or nuestro!<\/strong><\/p>\n\n\n\n<ul class=\"wp-block-list\">\n<li>Para que, en el trato con otras madres, nos interesemos por sus necesidades, despertemos en ellas su vocaci\u00f3n cristiana, y logremos integrarlas a la vida de la parroquia y de la Iglesia.<\/li>\n<\/ul>\n\n\n\n<p><strong>\u00a1Ay\u00fadanos, Padre y Se\u00f1or nuestro!<\/strong><\/p>\n\n\n\n<p class=\"has-text-align-right\">.<\/p>\n\n\n\n<h4 class=\"wp-block-heading\">Oraci\u00f3n a la Virgen Mar\u00eda, Nuestra Se\u00f1ora de la Consolaci\u00f3n<\/h4>\n\n\n\n<div style=\"height:10px\" aria-hidden=\"true\" class=\"wp-block-spacer\"><\/div>\n\n\n\n<p>Virgen Mar\u00eda, Madre de la Consolaci\u00f3n, que consolaste a santa M\u00f3nica d\u00e1ndole la inmensa alegr\u00eda de ver c\u00f3mo el Esp\u00edritu Santo trasformaba la inteligencia y el coraz\u00f3n de su hijo Agust\u00edn, d\u00e1ndole la fe cristiana; s\u00e9 tambi\u00e9n nuestro consuelo. Danos el gozo de ver a nuestros hijos firmes y felices en la pr\u00e1ctica de la fe que en sus almas sembramos desde los comienzos de su vida. Y si alguno se ha desviado, danos, Madre nuestra, la alegr\u00eda de verlo retornar a la fe; y as\u00ed poder gozarnos en la realizaci\u00f3n plena de nuestra vocaci\u00f3n como madres cristianas.&nbsp;<strong>Am\u00e9n<\/strong>.<\/p>\n\n\n\n<p class=\"has-text-align-right\">.<\/p>\n\n\n\n<h4 class=\"wp-block-heading\">Oraci\u00f3n conclusiva<\/h4>\n\n\n\n<div style=\"height:10px\" aria-hidden=\"true\" class=\"wp-block-spacer\"><\/div>\n\n\n\n<p>Se\u00f1or Dios nuestro, fuente de toda familia, conc\u00e9denos que, imitando a santa M\u00f3nica, vivamos nuestra fe con dedicaci\u00f3n y alegr\u00eda en el seno de nuestros hogares. Y que, como ella, sepamos acompa\u00f1ar y cuidar la vida cristiana de nuestros hijos, de tal modo que, alg\u00fan d\u00eda, tengamos el gozo inmenso de verlos junto a nosotras en tu gloria, por toda la eternidad.&nbsp;<strong>As\u00ed sea<\/strong>.<\/p>\n\n\n\n<p class=\"has-text-align-right\">.<\/p>\n\n\n\n<div style=\"height:10px\" aria-hidden=\"true\" class=\"wp-block-spacer\"><\/div>\n\n\n\n<div class=\"wp-block-cover is-light\" style=\"min-height:50px;aspect-ratio:unset;\"><span aria-hidden=\"true\" class=\"wp-block-cover__background has-white-background-color has-background-dim-100 has-background-dim\"><\/span><div class=\"wp-block-cover__inner-container is-layout-constrained wp-block-cover-is-layout-constrained\">\n<p class=\"has-text-align-center has-small-font-size\"><strong>\u00bfPuedes hacer algo m\u00e1s por tu familia y por la Iglesia?<\/strong><\/p>\n\n\n\n<p>S\u00ed, algo muy importante: lograr que tu marido comparta contigo la preocupaci\u00f3n por la fe de los hijos. Procura que, diariamente o al menos en fechas se\u00f1aladas, rece contigo por esta intenci\u00f3n. Son muchas las madres que ya lo han conseguido. As\u00ed fortalecer\u00e1s el amor conyugal y alcanzar\u00e1s m\u00e1s f\u00e1cilmente el bien integral de la familia.<\/p>\n\n\n\n<p>A\u00fan puedes hacer algo m\u00e1s: en tu familia y entorno social, entre tus amistades, tratas a muchas madres a las que f\u00e1cilmente podr\u00edas atraer a nuestra comunidad, despertando en ellas un renovado amor a los hijos y una mayor vivencia de la maravillosa vocaci\u00f3n de esposas y de madres cristianas.<\/p>\n\n\n\n<p>Si deseas cualquier otro informe, comun\u00edcanos tus inquietudes. Dios te bendiga en todas tus necesidades y proyectos. Ser\u00e1 un gusto verte en la misa de los 27 de mes en la Parroquia.<\/p>\n\n\n\n<p><\/p>\n\n\n\n<p><strong>Asociaci\u00f3n Madres Cristianas Santa M\u00f3nica<\/strong><\/p>\n\n\n\n<p><strong>Provincia Santo Tom\u00e1s de Villanueva <\/strong><\/p>\n\n\n\n<p class=\"has-text-align-left has-small-font-size\"><strong>Vicar\u00eda de Espa\u00f1a<\/strong>, <strong>Parroquia Santa M\u00f3nica. Agustinos Recoletos<\/strong><\/p>\n\n\n\n<p class=\"has-text-align-left has-small-font-size\"><\/p>\n\n\n\n<div style=\"height:40px\" aria-hidden=\"true\" class=\"wp-block-spacer\"><\/div>\n<\/div><\/div>\n","protected":false},"excerpt":{"rendered":"<p>. Padre y Se\u00f1or nuestro, fuente de toda vida, somos madres cristianas. Con tu bendici\u00f3n y la cooperaci\u00f3n de nuestros maridos, hemos concebido para esta vida temporal a nuestros hijos. Pero nuestra misi\u00f3n no termina con el nacimiento de los hijos: queremos tambi\u00e9n concebirlos para la vida eterna. A fin de lograrlo, insistimos, con igual [&hellip;]<\/p>\n","protected":false},"author":1,"featured_media":0,"parent":0,"menu_order":0,"comment_status":"closed","ping_status":"closed","template":"","meta":{"_et_pb_use_builder":"","_et_pb_old_content":"","_et_gb_content_width":"","cybocfi_hide_featured_image":"","footnotes":""},"class_list":["post-3142","page","type-page","status-publish","hentry"],"yoast_head":"<!-- This site is optimized with the Yoast SEO plugin v27.3 - https:\/\/yoast.com\/product\/yoast-seo-wordpress\/ -->\n<title>Oraci\u00f3n de las madres cristianas por la fe de los hijos - Parroquia de Santa M\u00f3nica Agustinos Recoletos<\/title>\n<meta name=\"robots\" content=\"index, follow, max-snippet:-1, max-image-preview:large, max-video-preview:-1\" \/>\n<link rel=\"canonical\" href=\"https:\/\/santamonica.archimadrid.es\/index.php\/oracion-de-las-madres-cristianas-por-la-fe-de-los-hijos\/\" \/>\n<meta property=\"og:locale\" content=\"es_ES\" \/>\n<meta property=\"og:type\" content=\"article\" \/>\n<meta property=\"og:title\" content=\"Oraci\u00f3n de las madres cristianas por la fe de los hijos - Parroquia de Santa M\u00f3nica Agustinos Recoletos\" \/>\n<meta property=\"og:description\" content=\". Padre y Se\u00f1or nuestro, fuente de toda vida, somos madres cristianas. Con tu bendici\u00f3n y la cooperaci\u00f3n de nuestros maridos, hemos concebido para esta vida temporal a nuestros hijos. Pero nuestra misi\u00f3n no termina con el nacimiento de los hijos: queremos tambi\u00e9n concebirlos para la vida eterna. A fin de lograrlo, insistimos, con igual [&hellip;]\" \/>\n<meta property=\"og:url\" content=\"https:\/\/santamonica.archimadrid.es\/index.php\/oracion-de-las-madres-cristianas-por-la-fe-de-los-hijos\/\" \/>\n<meta property=\"og:site_name\" content=\"Parroquia de Santa M\u00f3nica Agustinos Recoletos\" \/>\n<meta property=\"article:modified_time\" content=\"2025-03-06T15:04:55+00:00\" \/>\n<meta property=\"og:image\" content=\"https:\/\/santamonica.archimadrid.es\/wp-content\/uploads\/2022\/01\/santa-monica-y-san-agustin-ostia-tiberina-1.jpeg\" \/>\n\t<meta property=\"og:image:width\" content=\"766\" \/>\n\t<meta property=\"og:image:height\" content=\"575\" \/>\n\t<meta property=\"og:image:type\" content=\"image\/jpeg\" \/>\n<meta name=\"twitter:card\" content=\"summary_large_image\" \/>\n<meta name=\"twitter:label1\" content=\"Tiempo de lectura\" \/>\n\t<meta name=\"twitter:data1\" content=\"4 minutos\" \/>\n<script type=\"application\/ld+json\" class=\"yoast-schema-graph\">{\"@context\":\"https:\\\/\\\/schema.org\",\"@graph\":[{\"@type\":\"WebPage\",\"@id\":\"https:\\\/\\\/santamonica.archimadrid.es\\\/index.php\\\/oracion-de-las-madres-cristianas-por-la-fe-de-los-hijos\\\/\",\"url\":\"https:\\\/\\\/santamonica.archimadrid.es\\\/index.php\\\/oracion-de-las-madres-cristianas-por-la-fe-de-los-hijos\\\/\",\"name\":\"Oraci\u00f3n de las madres cristianas por la fe de los hijos - Parroquia de Santa M\u00f3nica Agustinos Recoletos\",\"isPartOf\":{\"@id\":\"https:\\\/\\\/santamonica.archimadrid.es\\\/#website\"},\"primaryImageOfPage\":{\"@id\":\"https:\\\/\\\/santamonica.archimadrid.es\\\/index.php\\\/oracion-de-las-madres-cristianas-por-la-fe-de-los-hijos\\\/#primaryimage\"},\"image\":{\"@id\":\"https:\\\/\\\/santamonica.archimadrid.es\\\/index.php\\\/oracion-de-las-madres-cristianas-por-la-fe-de-los-hijos\\\/#primaryimage\"},\"thumbnailUrl\":\"https:\\\/\\\/santamonica.archimadrid.es\\\/wp-content\\\/uploads\\\/2022\\\/01\\\/santa-monica-y-san-agustin-ostia-tiberina-1.jpeg\",\"datePublished\":\"2025-03-06T14:25:21+00:00\",\"dateModified\":\"2025-03-06T15:04:55+00:00\",\"breadcrumb\":{\"@id\":\"https:\\\/\\\/santamonica.archimadrid.es\\\/index.php\\\/oracion-de-las-madres-cristianas-por-la-fe-de-los-hijos\\\/#breadcrumb\"},\"inLanguage\":\"es\",\"potentialAction\":[{\"@type\":\"ReadAction\",\"target\":[\"https:\\\/\\\/santamonica.archimadrid.es\\\/index.php\\\/oracion-de-las-madres-cristianas-por-la-fe-de-los-hijos\\\/\"]}]},{\"@type\":\"ImageObject\",\"inLanguage\":\"es\",\"@id\":\"https:\\\/\\\/santamonica.archimadrid.es\\\/index.php\\\/oracion-de-las-madres-cristianas-por-la-fe-de-los-hijos\\\/#primaryimage\",\"url\":\"https:\\\/\\\/santamonica.archimadrid.es\\\/wp-content\\\/uploads\\\/2022\\\/01\\\/santa-monica-y-san-agustin-ostia-tiberina-1.jpeg\",\"contentUrl\":\"https:\\\/\\\/santamonica.archimadrid.es\\\/wp-content\\\/uploads\\\/2022\\\/01\\\/santa-monica-y-san-agustin-ostia-tiberina-1.jpeg\",\"width\":766,\"height\":575},{\"@type\":\"BreadcrumbList\",\"@id\":\"https:\\\/\\\/santamonica.archimadrid.es\\\/index.php\\\/oracion-de-las-madres-cristianas-por-la-fe-de-los-hijos\\\/#breadcrumb\",\"itemListElement\":[{\"@type\":\"ListItem\",\"position\":1,\"name\":\"Portada\",\"item\":\"https:\\\/\\\/santamonica.archimadrid.es\\\/\"},{\"@type\":\"ListItem\",\"position\":2,\"name\":\"Oraci\u00f3n de las madres cristianas por la fe de los hijos\"}]},{\"@type\":\"WebSite\",\"@id\":\"https:\\\/\\\/santamonica.archimadrid.es\\\/#website\",\"url\":\"https:\\\/\\\/santamonica.archimadrid.es\\\/\",\"name\":\"Parroquia de Santa M\u00f3nica Agustinos Recoletos\",\"description\":\"P\u00e1gina oficial de la Parroquia Santa M\u00f3nica. Actividades parroquiales, noticias de la parroquia y de la iglesia. Servicios Parroquiales. Sacramentos. Devoci\u00f3n a Santa M\u00f3nica, madre de San Agust\u00edn. Promoci\u00f3n Madres Cristianas Santa M\u00f3nica. Oraci\u00f3n por la fe de los hijos y de las familias Devoci\u00f3n a San Ezequiel Moreno. Oraci\u00f3n por los enfermos.\",\"publisher\":{\"@id\":\"https:\\\/\\\/santamonica.archimadrid.es\\\/#organization\"},\"potentialAction\":[{\"@type\":\"SearchAction\",\"target\":{\"@type\":\"EntryPoint\",\"urlTemplate\":\"https:\\\/\\\/santamonica.archimadrid.es\\\/?s={search_term_string}\"},\"query-input\":{\"@type\":\"PropertyValueSpecification\",\"valueRequired\":true,\"valueName\":\"search_term_string\"}}],\"inLanguage\":\"es\"},{\"@type\":\"Organization\",\"@id\":\"https:\\\/\\\/santamonica.archimadrid.es\\\/#organization\",\"name\":\"Parroquia de Santa M\u00f3nica Agustinos Recoletos\",\"url\":\"https:\\\/\\\/santamonica.archimadrid.es\\\/\",\"logo\":{\"@type\":\"ImageObject\",\"inLanguage\":\"es\",\"@id\":\"https:\\\/\\\/santamonica.archimadrid.es\\\/#\\\/schema\\\/logo\\\/image\\\/\",\"url\":\"https:\\\/\\\/santamonica.archimadrid.es\\\/wp-content\\\/uploads\\\/2022\\\/09\\\/icono_parroquia_tamonica-1.jpg\",\"contentUrl\":\"https:\\\/\\\/santamonica.archimadrid.es\\\/wp-content\\\/uploads\\\/2022\\\/09\\\/icono_parroquia_tamonica-1.jpg\",\"width\":1440,\"height\":1776,\"caption\":\"Parroquia de Santa M\u00f3nica Agustinos Recoletos\"},\"image\":{\"@id\":\"https:\\\/\\\/santamonica.archimadrid.es\\\/#\\\/schema\\\/logo\\\/image\\\/\"}}]}<\/script>\n<!-- \/ Yoast SEO plugin. -->","yoast_head_json":{"title":"Oraci\u00f3n de las madres cristianas por la fe de los hijos - Parroquia de Santa M\u00f3nica Agustinos Recoletos","robots":{"index":"index","follow":"follow","max-snippet":"max-snippet:-1","max-image-preview":"max-image-preview:large","max-video-preview":"max-video-preview:-1"},"canonical":"https:\/\/santamonica.archimadrid.es\/index.php\/oracion-de-las-madres-cristianas-por-la-fe-de-los-hijos\/","og_locale":"es_ES","og_type":"article","og_title":"Oraci\u00f3n de las madres cristianas por la fe de los hijos - Parroquia de Santa M\u00f3nica Agustinos Recoletos","og_description":". Padre y Se\u00f1or nuestro, fuente de toda vida, somos madres cristianas. Con tu bendici\u00f3n y la cooperaci\u00f3n de nuestros maridos, hemos concebido para esta vida temporal a nuestros hijos. Pero nuestra misi\u00f3n no termina con el nacimiento de los hijos: queremos tambi\u00e9n concebirlos para la vida eterna. A fin de lograrlo, insistimos, con igual [&hellip;]","og_url":"https:\/\/santamonica.archimadrid.es\/index.php\/oracion-de-las-madres-cristianas-por-la-fe-de-los-hijos\/","og_site_name":"Parroquia de Santa M\u00f3nica Agustinos Recoletos","article_modified_time":"2025-03-06T15:04:55+00:00","og_image":[{"width":766,"height":575,"url":"https:\/\/santamonica.archimadrid.es\/wp-content\/uploads\/2022\/01\/santa-monica-y-san-agustin-ostia-tiberina-1.jpeg","type":"image\/jpeg"}],"twitter_card":"summary_large_image","twitter_misc":{"Tiempo de lectura":"4 minutos"},"schema":{"@context":"https:\/\/schema.org","@graph":[{"@type":"WebPage","@id":"https:\/\/santamonica.archimadrid.es\/index.php\/oracion-de-las-madres-cristianas-por-la-fe-de-los-hijos\/","url":"https:\/\/santamonica.archimadrid.es\/index.php\/oracion-de-las-madres-cristianas-por-la-fe-de-los-hijos\/","name":"Oraci\u00f3n de las madres cristianas por la fe de los hijos - Parroquia de Santa M\u00f3nica Agustinos Recoletos","isPartOf":{"@id":"https:\/\/santamonica.archimadrid.es\/#website"},"primaryImageOfPage":{"@id":"https:\/\/santamonica.archimadrid.es\/index.php\/oracion-de-las-madres-cristianas-por-la-fe-de-los-hijos\/#primaryimage"},"image":{"@id":"https:\/\/santamonica.archimadrid.es\/index.php\/oracion-de-las-madres-cristianas-por-la-fe-de-los-hijos\/#primaryimage"},"thumbnailUrl":"https:\/\/santamonica.archimadrid.es\/wp-content\/uploads\/2022\/01\/santa-monica-y-san-agustin-ostia-tiberina-1.jpeg","datePublished":"2025-03-06T14:25:21+00:00","dateModified":"2025-03-06T15:04:55+00:00","breadcrumb":{"@id":"https:\/\/santamonica.archimadrid.es\/index.php\/oracion-de-las-madres-cristianas-por-la-fe-de-los-hijos\/#breadcrumb"},"inLanguage":"es","potentialAction":[{"@type":"ReadAction","target":["https:\/\/santamonica.archimadrid.es\/index.php\/oracion-de-las-madres-cristianas-por-la-fe-de-los-hijos\/"]}]},{"@type":"ImageObject","inLanguage":"es","@id":"https:\/\/santamonica.archimadrid.es\/index.php\/oracion-de-las-madres-cristianas-por-la-fe-de-los-hijos\/#primaryimage","url":"https:\/\/santamonica.archimadrid.es\/wp-content\/uploads\/2022\/01\/santa-monica-y-san-agustin-ostia-tiberina-1.jpeg","contentUrl":"https:\/\/santamonica.archimadrid.es\/wp-content\/uploads\/2022\/01\/santa-monica-y-san-agustin-ostia-tiberina-1.jpeg","width":766,"height":575},{"@type":"BreadcrumbList","@id":"https:\/\/santamonica.archimadrid.es\/index.php\/oracion-de-las-madres-cristianas-por-la-fe-de-los-hijos\/#breadcrumb","itemListElement":[{"@type":"ListItem","position":1,"name":"Portada","item":"https:\/\/santamonica.archimadrid.es\/"},{"@type":"ListItem","position":2,"name":"Oraci\u00f3n de las madres cristianas por la fe de los hijos"}]},{"@type":"WebSite","@id":"https:\/\/santamonica.archimadrid.es\/#website","url":"https:\/\/santamonica.archimadrid.es\/","name":"Parroquia de Santa M\u00f3nica Agustinos Recoletos","description":"P\u00e1gina oficial de la Parroquia Santa M\u00f3nica. Actividades parroquiales, noticias de la parroquia y de la iglesia. Servicios Parroquiales. Sacramentos. Devoci\u00f3n a Santa M\u00f3nica, madre de San Agust\u00edn. Promoci\u00f3n Madres Cristianas Santa M\u00f3nica. Oraci\u00f3n por la fe de los hijos y de las familias Devoci\u00f3n a San Ezequiel Moreno. Oraci\u00f3n por los enfermos.","publisher":{"@id":"https:\/\/santamonica.archimadrid.es\/#organization"},"potentialAction":[{"@type":"SearchAction","target":{"@type":"EntryPoint","urlTemplate":"https:\/\/santamonica.archimadrid.es\/?s={search_term_string}"},"query-input":{"@type":"PropertyValueSpecification","valueRequired":true,"valueName":"search_term_string"}}],"inLanguage":"es"},{"@type":"Organization","@id":"https:\/\/santamonica.archimadrid.es\/#organization","name":"Parroquia de Santa M\u00f3nica Agustinos Recoletos","url":"https:\/\/santamonica.archimadrid.es\/","logo":{"@type":"ImageObject","inLanguage":"es","@id":"https:\/\/santamonica.archimadrid.es\/#\/schema\/logo\/image\/","url":"https:\/\/santamonica.archimadrid.es\/wp-content\/uploads\/2022\/09\/icono_parroquia_tamonica-1.jpg","contentUrl":"https:\/\/santamonica.archimadrid.es\/wp-content\/uploads\/2022\/09\/icono_parroquia_tamonica-1.jpg","width":1440,"height":1776,"caption":"Parroquia de Santa M\u00f3nica Agustinos Recoletos"},"image":{"@id":"https:\/\/santamonica.archimadrid.es\/#\/schema\/logo\/image\/"}}]}},"jetpack_sharing_enabled":true,"_links":{"self":[{"href":"https:\/\/santamonica.archimadrid.es\/index.php\/wp-json\/wp\/v2\/pages\/3142","targetHints":{"allow":["GET"]}}],"collection":[{"href":"https:\/\/santamonica.archimadrid.es\/index.php\/wp-json\/wp\/v2\/pages"}],"about":[{"href":"https:\/\/santamonica.archimadrid.es\/index.php\/wp-json\/wp\/v2\/types\/page"}],"author":[{"embeddable":true,"href":"https:\/\/santamonica.archimadrid.es\/index.php\/wp-json\/wp\/v2\/users\/1"}],"replies":[{"embeddable":true,"href":"https:\/\/santamonica.archimadrid.es\/index.php\/wp-json\/wp\/v2\/comments?post=3142"}],"version-history":[{"count":17,"href":"https:\/\/santamonica.archimadrid.es\/index.php\/wp-json\/wp\/v2\/pages\/3142\/revisions"}],"predecessor-version":[{"id":3573,"href":"https:\/\/santamonica.archimadrid.es\/index.php\/wp-json\/wp\/v2\/pages\/3142\/revisions\/3573"}],"wp:attachment":[{"href":"https:\/\/santamonica.archimadrid.es\/index.php\/wp-json\/wp\/v2\/media?parent=3142"}],"curies":[{"name":"wp","href":"https:\/\/api.w.org\/{rel}","templated":true}]}}