{"id":2209,"date":"2023-05-18T18:03:34","date_gmt":"2023-05-18T18:03:34","guid":{"rendered":"https:\/\/santamonica.archimadrid.es\/?page_id=2209"},"modified":"2025-03-06T15:57:06","modified_gmt":"2025-03-06T15:57:06","slug":"novena-a-santa-rita","status":"publish","type":"page","link":"https:\/\/santamonica.archimadrid.es\/index.php\/novena-a-santa-rita\/","title":{"rendered":"Novena a Santa Rita"},"content":{"rendered":"\n<p><\/p>\n\n\n<div id=\"attachment_2097\" style=\"width: 391px\" class=\"wp-caption aligncenter\"><img loading=\"lazy\" decoding=\"async\" aria-describedby=\"caption-attachment-2097\" class=\"wp-image-2097\" src=\"https:\/\/santamonica.archimadrid.es\/wp-content\/uploads\/2023\/05\/Santa-Rita-para-imagen-destacada-2-300x225.jpg\" alt=\"\" width=\"381\" height=\"286\" \/><p id=\"caption-attachment-2097\" class=\"wp-caption-text\">Santa Rita de Casia<\/p><\/div>\n\n\n<div style=\"height:20px\" aria-hidden=\"true\" class=\"wp-block-spacer\"><\/div>\n\n\n\n<div style=\"height:20px\" aria-hidden=\"true\" class=\"wp-block-spacer\"><\/div>\n\n\n\n<p class=\"has-text-align-left\"><em><strong>Reflexi\u00f3n y oraciones para cada d\u00eda<\/strong><\/em><\/p>\n\n\n\n<div style=\"height:7px\" aria-hidden=\"true\" class=\"wp-block-spacer\"><\/div>\n\n\n\n<p><strong>Primer d\u00eda: <a href=\"https:\/\/santamonica.archimadrid.es\/index.php\/2023\/05\/13\/novena-a-santa-rita-de-casia-1\/\">OR\u00cdGENES DE SANTA RITA<\/a><\/strong><\/p>\n\n\n\n<p><strong>Segundo d\u00eda<\/strong>:  <strong><a href=\"https:\/\/santamonica.archimadrid.es\/index.php\/2023\/05\/14\/novena-a-santa-rita-de-casia-2\/\" target=\"_blank\" rel=\"noreferrer noopener\">RITA, NI\u00d1A Y JOVEN<\/a><\/strong><\/p>\n\n\n\n<p><strong>Tercer d\u00eda:<\/strong>  <strong><a href=\"https:\/\/santamonica.archimadrid.es\/index.php\/2023\/05\/15\/novena-a-santa-rita-de-casia-3\/\" target=\"_blank\" rel=\"noreferrer noopener\">RITA, ESPOSA ENAMORADA<\/a><\/strong><\/p>\n\n\n\n<p><strong>Cuarto d\u00eda:<\/strong>  <strong><a href=\"https:\/\/santamonica.archimadrid.es\/index.php\/2023\/05\/16\/novena-a-santa-rita-de-casia-4\/\" target=\"_blank\" rel=\"noreferrer noopener\">RITA, MADRE ABNEGADA<\/a><\/strong><\/p>\n\n\n\n<p><strong>Quinto d\u00eda:<\/strong>  <strong><a href=\"https:\/\/santamonica.archimadrid.es\/index.php\/2023\/05\/17\/novena-a-santa-rita-de-casia-5\/\" target=\"_blank\" rel=\"noreferrer noopener\">RITA, VIUDA CRISTIANA<\/a><\/strong><\/p>\n\n\n\n<p><strong>Sexto d\u00eda:<\/strong>  <strong><a href=\"https:\/\/santamonica.archimadrid.es\/index.php\/2023\/05\/18\/novena-a-santa-rita-de-casia-6\/\" target=\"_blank\" rel=\"noreferrer noopener\">RITA, MONJA AGUSTINA DE CLAUSURA<\/a><\/strong><\/p>\n\n\n\n<p><strong>S\u00e9ptimo d\u00eda:<\/strong> <a href=\"https:\/\/santamonica.archimadrid.es\/index.php\/2023\/05\/18\/novena-a-santa-rita-de-casia-7-9\/\" target=\"_blank\" rel=\"noreferrer noopener\"> <strong>RITA, MUJER CREYENTE, MUJER ESPIRITUAL<\/strong><\/a><\/p>\n\n\n\n<p><strong>Octavo d\u00eda:<\/strong>  <strong><a href=\"https:\/\/santamonica.archimadrid.es\/index.php\/2023\/05\/18\/novena-a-santa-rita-de-casia-8-9\/\" target=\"_blank\" rel=\"noreferrer noopener\">RITA, ESPOSA DE JESUCRISTO<\/a><\/strong><\/p>\n\n\n\n<p><strong>Noveno d\u00eda: <\/strong>  <strong> <a href=\"https:\/\/santamonica.archimadrid.es\/index.php\/2023\/05\/18\/novena-a-santa-rita-de-casia-9-9\/\" target=\"_blank\" rel=\"noreferrer noopener\"><strong style=\"color: revert; font-size: revert;\">RITA, MAESTRA EN EL ARTE DEL PERD\u00d3N Y DE LA PAZ<\/strong> <\/a><\/strong><\/p>\n","protected":false},"excerpt":{"rendered":"<p>Reflexi\u00f3n y oraciones para cada d\u00eda Primer d\u00eda: OR\u00cdGENES DE SANTA RITA Segundo d\u00eda: RITA, NI\u00d1A Y JOVEN Tercer d\u00eda: RITA, ESPOSA ENAMORADA Cuarto d\u00eda: RITA, MADRE ABNEGADA Quinto d\u00eda: RITA, VIUDA CRISTIANA Sexto d\u00eda: RITA, MONJA AGUSTINA DE CLAUSURA S\u00e9ptimo d\u00eda: RITA, MUJER CREYENTE, MUJER ESPIRITUAL Octavo d\u00eda: RITA, ESPOSA DE JESUCRISTO Noveno d\u00eda: [&hellip;]<\/p>\n","protected":false},"author":1,"featured_media":0,"parent":0,"menu_order":0,"comment_status":"closed","ping_status":"closed","template":"","meta":{"_et_pb_use_builder":"","_et_pb_old_content":"","_et_gb_content_width":"","cybocfi_hide_featured_image":"","footnotes":""},"class_list":["post-2209","page","type-page","status-publish","hentry"],"yoast_head":"<!-- This site is optimized with the Yoast SEO plugin v27.3 - https:\/\/yoast.com\/product\/yoast-seo-wordpress\/ -->\n<title>Novena a Santa Rita - Parroquia de Santa M\u00f3nica Agustinos Recoletos<\/title>\n<meta name=\"robots\" content=\"index, follow, max-snippet:-1, max-image-preview:large, max-video-preview:-1\" \/>\n<link rel=\"canonical\" href=\"https:\/\/santamonica.archimadrid.es\/index.php\/novena-a-santa-rita\/\" \/>\n<meta property=\"og:locale\" content=\"es_ES\" \/>\n<meta property=\"og:type\" content=\"article\" \/>\n<meta property=\"og:title\" content=\"Novena a Santa Rita - Parroquia de Santa M\u00f3nica Agustinos Recoletos\" \/>\n<meta property=\"og:description\" content=\"Reflexi\u00f3n y oraciones para cada d\u00eda Primer d\u00eda: OR\u00cdGENES DE SANTA RITA Segundo d\u00eda: RITA, NI\u00d1A Y JOVEN Tercer d\u00eda: RITA, ESPOSA ENAMORADA Cuarto d\u00eda: RITA, MADRE ABNEGADA Quinto d\u00eda: RITA, VIUDA CRISTIANA Sexto d\u00eda: RITA, MONJA AGUSTINA DE CLAUSURA S\u00e9ptimo d\u00eda: RITA, MUJER CREYENTE, MUJER ESPIRITUAL Octavo d\u00eda: RITA, ESPOSA DE JESUCRISTO Noveno d\u00eda: [&hellip;]\" \/>\n<meta property=\"og:url\" content=\"https:\/\/santamonica.archimadrid.es\/index.php\/novena-a-santa-rita\/\" \/>\n<meta property=\"og:site_name\" content=\"Parroquia de Santa M\u00f3nica Agustinos Recoletos\" \/>\n<meta property=\"article:modified_time\" content=\"2025-03-06T15:57:06+00:00\" \/>\n<meta property=\"og:image\" content=\"https:\/\/santamonica.archimadrid.es\/wp-content\/uploads\/2023\/05\/Santa-Rita-para-imagen-destacada-2.jpg\" \/>\n\t<meta property=\"og:image:width\" content=\"600\" \/>\n\t<meta property=\"og:image:height\" content=\"450\" \/>\n\t<meta property=\"og:image:type\" content=\"image\/jpeg\" \/>\n<meta name=\"twitter:card\" content=\"summary_large_image\" \/>\n<meta name=\"twitter:label1\" content=\"Tiempo de lectura\" \/>\n\t<meta name=\"twitter:data1\" content=\"1 minuto\" \/>\n<script type=\"application\/ld+json\" class=\"yoast-schema-graph\">{\"@context\":\"https:\\\/\\\/schema.org\",\"@graph\":[{\"@type\":\"WebPage\",\"@id\":\"https:\\\/\\\/santamonica.archimadrid.es\\\/index.php\\\/novena-a-santa-rita\\\/\",\"url\":\"https:\\\/\\\/santamonica.archimadrid.es\\\/index.php\\\/novena-a-santa-rita\\\/\",\"name\":\"Novena a Santa Rita - Parroquia de Santa M\u00f3nica Agustinos Recoletos\",\"isPartOf\":{\"@id\":\"https:\\\/\\\/santamonica.archimadrid.es\\\/#website\"},\"primaryImageOfPage\":{\"@id\":\"https:\\\/\\\/santamonica.archimadrid.es\\\/index.php\\\/novena-a-santa-rita\\\/#primaryimage\"},\"image\":{\"@id\":\"https:\\\/\\\/santamonica.archimadrid.es\\\/index.php\\\/novena-a-santa-rita\\\/#primaryimage\"},\"thumbnailUrl\":\"https:\\\/\\\/santamonica.archimadrid.es\\\/wp-content\\\/uploads\\\/2023\\\/05\\\/Santa-Rita-para-imagen-destacada-2-300x225.jpg\",\"datePublished\":\"2023-05-18T18:03:34+00:00\",\"dateModified\":\"2025-03-06T15:57:06+00:00\",\"breadcrumb\":{\"@id\":\"https:\\\/\\\/santamonica.archimadrid.es\\\/index.php\\\/novena-a-santa-rita\\\/#breadcrumb\"},\"inLanguage\":\"es\",\"potentialAction\":[{\"@type\":\"ReadAction\",\"target\":[\"https:\\\/\\\/santamonica.archimadrid.es\\\/index.php\\\/novena-a-santa-rita\\\/\"]}]},{\"@type\":\"ImageObject\",\"inLanguage\":\"es\",\"@id\":\"https:\\\/\\\/santamonica.archimadrid.es\\\/index.php\\\/novena-a-santa-rita\\\/#primaryimage\",\"url\":\"https:\\\/\\\/santamonica.archimadrid.es\\\/wp-content\\\/uploads\\\/2023\\\/05\\\/Santa-Rita-para-imagen-destacada-2.jpg\",\"contentUrl\":\"https:\\\/\\\/santamonica.archimadrid.es\\\/wp-content\\\/uploads\\\/2023\\\/05\\\/Santa-Rita-para-imagen-destacada-2.jpg\",\"width\":600,\"height\":450},{\"@type\":\"BreadcrumbList\",\"@id\":\"https:\\\/\\\/santamonica.archimadrid.es\\\/index.php\\\/novena-a-santa-rita\\\/#breadcrumb\",\"itemListElement\":[{\"@type\":\"ListItem\",\"position\":1,\"name\":\"Portada\",\"item\":\"https:\\\/\\\/santamonica.archimadrid.es\\\/\"},{\"@type\":\"ListItem\",\"position\":2,\"name\":\"Novena a Santa Rita\"}]},{\"@type\":\"WebSite\",\"@id\":\"https:\\\/\\\/santamonica.archimadrid.es\\\/#website\",\"url\":\"https:\\\/\\\/santamonica.archimadrid.es\\\/\",\"name\":\"Parroquia de Santa M\u00f3nica Agustinos Recoletos\",\"description\":\"P\u00e1gina oficial de la Parroquia Santa M\u00f3nica. Actividades parroquiales, noticias de la parroquia y de la iglesia. Servicios Parroquiales. Sacramentos. Devoci\u00f3n a Santa M\u00f3nica, madre de San Agust\u00edn. Promoci\u00f3n Madres Cristianas Santa M\u00f3nica. Oraci\u00f3n por la fe de los hijos y de las familias Devoci\u00f3n a San Ezequiel Moreno. Oraci\u00f3n por los enfermos.\",\"publisher\":{\"@id\":\"https:\\\/\\\/santamonica.archimadrid.es\\\/#organization\"},\"potentialAction\":[{\"@type\":\"SearchAction\",\"target\":{\"@type\":\"EntryPoint\",\"urlTemplate\":\"https:\\\/\\\/santamonica.archimadrid.es\\\/?s={search_term_string}\"},\"query-input\":{\"@type\":\"PropertyValueSpecification\",\"valueRequired\":true,\"valueName\":\"search_term_string\"}}],\"inLanguage\":\"es\"},{\"@type\":\"Organization\",\"@id\":\"https:\\\/\\\/santamonica.archimadrid.es\\\/#organization\",\"name\":\"Parroquia de Santa M\u00f3nica Agustinos Recoletos\",\"url\":\"https:\\\/\\\/santamonica.archimadrid.es\\\/\",\"logo\":{\"@type\":\"ImageObject\",\"inLanguage\":\"es\",\"@id\":\"https:\\\/\\\/santamonica.archimadrid.es\\\/#\\\/schema\\\/logo\\\/image\\\/\",\"url\":\"https:\\\/\\\/santamonica.archimadrid.es\\\/wp-content\\\/uploads\\\/2022\\\/09\\\/icono_parroquia_tamonica-1.jpg\",\"contentUrl\":\"https:\\\/\\\/santamonica.archimadrid.es\\\/wp-content\\\/uploads\\\/2022\\\/09\\\/icono_parroquia_tamonica-1.jpg\",\"width\":1440,\"height\":1776,\"caption\":\"Parroquia de Santa M\u00f3nica Agustinos Recoletos\"},\"image\":{\"@id\":\"https:\\\/\\\/santamonica.archimadrid.es\\\/#\\\/schema\\\/logo\\\/image\\\/\"}}]}<\/script>\n<!-- \/ Yoast SEO plugin. -->","yoast_head_json":{"title":"Novena a Santa Rita - Parroquia de Santa M\u00f3nica Agustinos Recoletos","robots":{"index":"index","follow":"follow","max-snippet":"max-snippet:-1","max-image-preview":"max-image-preview:large","max-video-preview":"max-video-preview:-1"},"canonical":"https:\/\/santamonica.archimadrid.es\/index.php\/novena-a-santa-rita\/","og_locale":"es_ES","og_type":"article","og_title":"Novena a Santa Rita - Parroquia de Santa M\u00f3nica Agustinos Recoletos","og_description":"Reflexi\u00f3n y oraciones para cada d\u00eda Primer d\u00eda: OR\u00cdGENES DE SANTA RITA Segundo d\u00eda: RITA, NI\u00d1A Y JOVEN Tercer d\u00eda: RITA, ESPOSA ENAMORADA Cuarto d\u00eda: RITA, MADRE ABNEGADA Quinto d\u00eda: RITA, VIUDA CRISTIANA Sexto d\u00eda: RITA, MONJA AGUSTINA DE CLAUSURA S\u00e9ptimo d\u00eda: RITA, MUJER CREYENTE, MUJER ESPIRITUAL Octavo d\u00eda: RITA, ESPOSA DE JESUCRISTO Noveno d\u00eda: [&hellip;]","og_url":"https:\/\/santamonica.archimadrid.es\/index.php\/novena-a-santa-rita\/","og_site_name":"Parroquia de Santa M\u00f3nica Agustinos Recoletos","article_modified_time":"2025-03-06T15:57:06+00:00","og_image":[{"width":600,"height":450,"url":"https:\/\/santamonica.archimadrid.es\/wp-content\/uploads\/2023\/05\/Santa-Rita-para-imagen-destacada-2.jpg","type":"image\/jpeg"}],"twitter_card":"summary_large_image","twitter_misc":{"Tiempo de lectura":"1 minuto"},"schema":{"@context":"https:\/\/schema.org","@graph":[{"@type":"WebPage","@id":"https:\/\/santamonica.archimadrid.es\/index.php\/novena-a-santa-rita\/","url":"https:\/\/santamonica.archimadrid.es\/index.php\/novena-a-santa-rita\/","name":"Novena a Santa Rita - Parroquia de Santa M\u00f3nica Agustinos Recoletos","isPartOf":{"@id":"https:\/\/santamonica.archimadrid.es\/#website"},"primaryImageOfPage":{"@id":"https:\/\/santamonica.archimadrid.es\/index.php\/novena-a-santa-rita\/#primaryimage"},"image":{"@id":"https:\/\/santamonica.archimadrid.es\/index.php\/novena-a-santa-rita\/#primaryimage"},"thumbnailUrl":"https:\/\/santamonica.archimadrid.es\/wp-content\/uploads\/2023\/05\/Santa-Rita-para-imagen-destacada-2-300x225.jpg","datePublished":"2023-05-18T18:03:34+00:00","dateModified":"2025-03-06T15:57:06+00:00","breadcrumb":{"@id":"https:\/\/santamonica.archimadrid.es\/index.php\/novena-a-santa-rita\/#breadcrumb"},"inLanguage":"es","potentialAction":[{"@type":"ReadAction","target":["https:\/\/santamonica.archimadrid.es\/index.php\/novena-a-santa-rita\/"]}]},{"@type":"ImageObject","inLanguage":"es","@id":"https:\/\/santamonica.archimadrid.es\/index.php\/novena-a-santa-rita\/#primaryimage","url":"https:\/\/santamonica.archimadrid.es\/wp-content\/uploads\/2023\/05\/Santa-Rita-para-imagen-destacada-2.jpg","contentUrl":"https:\/\/santamonica.archimadrid.es\/wp-content\/uploads\/2023\/05\/Santa-Rita-para-imagen-destacada-2.jpg","width":600,"height":450},{"@type":"BreadcrumbList","@id":"https:\/\/santamonica.archimadrid.es\/index.php\/novena-a-santa-rita\/#breadcrumb","itemListElement":[{"@type":"ListItem","position":1,"name":"Portada","item":"https:\/\/santamonica.archimadrid.es\/"},{"@type":"ListItem","position":2,"name":"Novena a Santa Rita"}]},{"@type":"WebSite","@id":"https:\/\/santamonica.archimadrid.es\/#website","url":"https:\/\/santamonica.archimadrid.es\/","name":"Parroquia de Santa M\u00f3nica Agustinos Recoletos","description":"P\u00e1gina oficial de la Parroquia Santa M\u00f3nica. Actividades parroquiales, noticias de la parroquia y de la iglesia. Servicios Parroquiales. Sacramentos. Devoci\u00f3n a Santa M\u00f3nica, madre de San Agust\u00edn. Promoci\u00f3n Madres Cristianas Santa M\u00f3nica. Oraci\u00f3n por la fe de los hijos y de las familias Devoci\u00f3n a San Ezequiel Moreno. Oraci\u00f3n por los enfermos.","publisher":{"@id":"https:\/\/santamonica.archimadrid.es\/#organization"},"potentialAction":[{"@type":"SearchAction","target":{"@type":"EntryPoint","urlTemplate":"https:\/\/santamonica.archimadrid.es\/?s={search_term_string}"},"query-input":{"@type":"PropertyValueSpecification","valueRequired":true,"valueName":"search_term_string"}}],"inLanguage":"es"},{"@type":"Organization","@id":"https:\/\/santamonica.archimadrid.es\/#organization","name":"Parroquia de Santa M\u00f3nica Agustinos Recoletos","url":"https:\/\/santamonica.archimadrid.es\/","logo":{"@type":"ImageObject","inLanguage":"es","@id":"https:\/\/santamonica.archimadrid.es\/#\/schema\/logo\/image\/","url":"https:\/\/santamonica.archimadrid.es\/wp-content\/uploads\/2022\/09\/icono_parroquia_tamonica-1.jpg","contentUrl":"https:\/\/santamonica.archimadrid.es\/wp-content\/uploads\/2022\/09\/icono_parroquia_tamonica-1.jpg","width":1440,"height":1776,"caption":"Parroquia de Santa M\u00f3nica Agustinos Recoletos"},"image":{"@id":"https:\/\/santamonica.archimadrid.es\/#\/schema\/logo\/image\/"}}]}},"jetpack_sharing_enabled":true,"_links":{"self":[{"href":"https:\/\/santamonica.archimadrid.es\/index.php\/wp-json\/wp\/v2\/pages\/2209","targetHints":{"allow":["GET"]}}],"collection":[{"href":"https:\/\/santamonica.archimadrid.es\/index.php\/wp-json\/wp\/v2\/pages"}],"about":[{"href":"https:\/\/santamonica.archimadrid.es\/index.php\/wp-json\/wp\/v2\/types\/page"}],"author":[{"embeddable":true,"href":"https:\/\/santamonica.archimadrid.es\/index.php\/wp-json\/wp\/v2\/users\/1"}],"replies":[{"embeddable":true,"href":"https:\/\/santamonica.archimadrid.es\/index.php\/wp-json\/wp\/v2\/comments?post=2209"}],"version-history":[{"count":24,"href":"https:\/\/santamonica.archimadrid.es\/index.php\/wp-json\/wp\/v2\/pages\/2209\/revisions"}],"predecessor-version":[{"id":3192,"href":"https:\/\/santamonica.archimadrid.es\/index.php\/wp-json\/wp\/v2\/pages\/2209\/revisions\/3192"}],"wp:attachment":[{"href":"https:\/\/santamonica.archimadrid.es\/index.php\/wp-json\/wp\/v2\/media?parent=2209"}],"curies":[{"name":"wp","href":"https:\/\/api.w.org\/{rel}","templated":true}]}}